{"id":96,"date":"2021-04-09T15:34:02","date_gmt":"2021-04-09T13:34:02","guid":{"rendered":"https:\/\/recette.ecoleprimairesaintemarie.fr\/?page_id=96"},"modified":"2021-04-15T15:59:08","modified_gmt":"2021-04-15T13:59:08","slug":"catechese","status":"publish","type":"page","link":"https:\/\/recette.ecoleprimairesaintemarie.fr\/index.php\/pastorale\/catechese\/","title":{"rendered":"Cat\u00e9ch\u00e8se"},"content":{"rendered":"\n<p>La cat\u00e9ch\u00e8se propose aux enfants de mettre la d\u00e9marche de &nbsp;la foi au c\u0153ur de la vie humaine&nbsp;<\/p>\n\n\n\n<figure class=\"wp-block-table\"><table><tbody><tr><td>Pour qui ?<\/td><td>Pour tous les enfants du CE2 au CM2 qui le souhaitent<\/td><\/tr><tr><td>Avec qui ?<\/td><td>Un enseignant avec un petit groupe<\/td><\/tr><tr><td>Quel contenu ?<\/td><td>La Cat\u00e9ch\u00e8se propose des cheminements pour d\u00e9couvrir et s&#8217;approprier la foi de l&#8217;Eglise. Elle articule les 3 dimensions de la vie chr\u00e9tienne :<br> . Croire : accueillir la Parole de Dieu<br> . Vivre selon l\u2019Evangile<br> . C\u00e9l\u00e9brer : prier, vivre les sacrements, les temps forts liturgiques<\/td><\/tr><tr><td>Points de vigilance<\/td><td>Les sacrements et c\u00e9l\u00e9brations font partie d&#8217;une d\u00e9marche en cat\u00e9ch\u00e8se<\/td><\/tr><\/tbody><\/table><\/figure>\n\n\n\n<div class=\"wp-block-image\"><figure class=\"aligncenter size-large\"><img loading=\"lazy\" decoding=\"async\" width=\"532\" height=\"800\" src=\"https:\/\/recette.ecoleprimairesaintemarie.fr\/wp-content\/uploads\/2021\/04\/courPrimaire-7.jpg\" alt=\"\" class=\"wp-image-443\" srcset=\"https:\/\/recette.ecoleprimairesaintemarie.fr\/wp-content\/uploads\/2021\/04\/courPrimaire-7.jpg 532w, https:\/\/recette.ecoleprimairesaintemarie.fr\/wp-content\/uploads\/2021\/04\/courPrimaire-7-200x300.jpg 200w\" sizes=\"auto, (max-width: 532px) 100vw, 532px\" \/><\/figure><\/div>\n\n\n\n<p>La Culture Religieuse et plus particuli\u00e8rement la Culture Chr\u00e9tienne fait partie int\u00e9grante de notre identit\u00e9 et de notre vie \u00e0 travers notre calendrier, nos f\u00eates, notre culture \u2026.<\/p>\n\n\n\n<figure class=\"wp-block-table\"><table><tbody><tr><td>Pour qui ?<\/td><td>Pour tous les enfants du CE2 au CM2.<\/td><\/tr><tr><td>Avec qui ?<\/td><td>Un enseignant<\/td><\/tr><tr><td>Quel contenu ?<\/td><td>La culture chr\u00e9tienne permet de conna\u00eetre une culture particuli\u00e8re qui a profond\u00e9ment influenc\u00e9 notre soci\u00e9t\u00e9 dans tous les domaines (art, litt\u00e9rature, histoire..)<br>Elle s\u2019articule autour de 3 axes :<br> . sources bibliques<br> . histoire et vie des chr\u00e9tiens<\/td><\/tr><tr><td>Points de vigilance<\/td><td>La culture ne n\u00e9cessite pas une adh\u00e9sion de foi ; elle vise \u00e0 transmettre des connaissances<\/td><\/tr><\/tbody><\/table><\/figure>\n\n\n\n<div class=\"wp-block-image\"><figure class=\"aligncenter size-large\"><img loading=\"lazy\" decoding=\"async\" width=\"532\" height=\"800\" src=\"https:\/\/recette.ecoleprimairesaintemarie.fr\/wp-content\/uploads\/2021\/04\/courPrimaire-6.jpg\" alt=\"\" class=\"wp-image-444\" srcset=\"https:\/\/recette.ecoleprimairesaintemarie.fr\/wp-content\/uploads\/2021\/04\/courPrimaire-6.jpg 532w, https:\/\/recette.ecoleprimairesaintemarie.fr\/wp-content\/uploads\/2021\/04\/courPrimaire-6-200x300.jpg 200w\" sizes=\"auto, (max-width: 532px) 100vw, 532px\" \/><\/figure><\/div>\n","protected":false},"excerpt":{"rendered":"<p>La cat\u00e9ch\u00e8se propose aux enfants de mettre la d\u00e9marche de &nbsp;la foi au c\u0153ur de la vie humaine&nbsp; Pour qui ? Pour tous les enfants du CE2 au CM2 qui<a class=\"more-link\" href=\"https:\/\/recette.ecoleprimairesaintemarie.fr\/index.php\/pastorale\/catechese\/\">Lire la suite de <span class=\"screen-reader-text\">&#8220;Cat\u00e9ch\u00e8se&#8221;<\/span><\/a><\/p>\n","protected":false},"author":1,"featured_media":0,"parent":225,"menu_order":0,"comment_status":"closed","ping_status":"closed","template":"","meta":{"footnotes":""},"class_list":["post-96","page","type-page","status-publish","hentry"],"_links":{"self":[{"href":"https:\/\/recette.ecoleprimairesaintemarie.fr\/index.php\/wp-json\/wp\/v2\/pages\/96","targetHints":{"allow":["GET"]}}],"collection":[{"href":"https:\/\/recette.ecoleprimairesaintemarie.fr\/index.php\/wp-json\/wp\/v2\/pages"}],"about":[{"href":"https:\/\/recette.ecoleprimairesaintemarie.fr\/index.php\/wp-json\/wp\/v2\/types\/page"}],"author":[{"embeddable":true,"href":"https:\/\/recette.ecoleprimairesaintemarie.fr\/index.php\/wp-json\/wp\/v2\/users\/1"}],"replies":[{"embeddable":true,"href":"https:\/\/recette.ecoleprimairesaintemarie.fr\/index.php\/wp-json\/wp\/v2\/comments?post=96"}],"version-history":[{"count":4,"href":"https:\/\/recette.ecoleprimairesaintemarie.fr\/index.php\/wp-json\/wp\/v2\/pages\/96\/revisions"}],"predecessor-version":[{"id":445,"href":"https:\/\/recette.ecoleprimairesaintemarie.fr\/index.php\/wp-json\/wp\/v2\/pages\/96\/revisions\/445"}],"up":[{"embeddable":true,"href":"https:\/\/recette.ecoleprimairesaintemarie.fr\/index.php\/wp-json\/wp\/v2\/pages\/225"}],"wp:attachment":[{"href":"https:\/\/recette.ecoleprimairesaintemarie.fr\/index.php\/wp-json\/wp\/v2\/media?parent=96"}],"curies":[{"name":"wp","href":"https:\/\/api.w.org\/{rel}","templated":true}]}}