{"id":93,"date":"2021-04-09T15:32:52","date_gmt":"2021-04-09T13:32:52","guid":{"rendered":"https:\/\/recette.ecoleprimairesaintemarie.fr\/?page_id=93"},"modified":"2021-04-15T15:59:41","modified_gmt":"2021-04-15T13:59:41","slug":"eveil-a-la-foi","status":"publish","type":"page","link":"https:\/\/recette.ecoleprimairesaintemarie.fr\/index.php\/pastorale\/eveil-a-la-foi\/","title":{"rendered":"Eveil \u00e0 la Foi"},"content":{"rendered":"\n<p>L&#8217;Eveil \u00e0 la Foi propose aux enfants une approche de la religion chr\u00e9tienne;<\/p>\n\n\n\n<figure class=\"wp-block-table\"><table><tbody><tr><td>Pour qui ?<\/td><td>Pour &nbsp;tous les enfants de PS au CE1<\/td><\/tr><tr><td>Avec qui ?<\/td><td>Un enseignant avec sa classe<\/td><\/tr><tr><td>Quel contenu ?<\/td><td>L&#8217;Eveil \u00e0 la Foi propose une approche de la religion chr\u00e9tienne: <br> . Pour aller \u00e0 la rencontre d&#8217;autres enfants, \u00e9couter et partager dans les temps de d\u00e9couverte et d&#8217;\u00e9change autour de la religion<br> . Pour vivre les temps forts de l&#8217;ann\u00e9e liturgique&nbsp;<\/td><\/tr><tr><td>Points de vigilance<\/td><td>L&#8217;Eveil reste une approche et s&#8217;adresse \u00e0 tous.<br>Elle permettra le choix en CE2<\/td><\/tr><\/tbody><\/table><\/figure>\n\n\n\n<div class=\"wp-block-image\"><figure class=\"aligncenter size-large\"><img loading=\"lazy\" decoding=\"async\" width=\"532\" height=\"800\" src=\"https:\/\/recette.ecoleprimairesaintemarie.fr\/wp-content\/uploads\/2021\/04\/courPrimaire-5.jpg\" alt=\"\" class=\"wp-image-446\" srcset=\"https:\/\/recette.ecoleprimairesaintemarie.fr\/wp-content\/uploads\/2021\/04\/courPrimaire-5.jpg 532w, https:\/\/recette.ecoleprimairesaintemarie.fr\/wp-content\/uploads\/2021\/04\/courPrimaire-5-200x300.jpg 200w\" sizes=\"auto, (max-width: 532px) 100vw, 532px\" \/><\/figure><\/div>\n","protected":false},"excerpt":{"rendered":"<p>L&#8217;Eveil \u00e0 la Foi propose aux enfants une approche de la religion chr\u00e9tienne; Pour qui ? Pour &nbsp;tous les enfants de PS au CE1 Avec qui ? Un enseignant avec<a class=\"more-link\" href=\"https:\/\/recette.ecoleprimairesaintemarie.fr\/index.php\/pastorale\/eveil-a-la-foi\/\">Lire la suite de <span class=\"screen-reader-text\">&#8220;Eveil \u00e0 la Foi&#8221;<\/span><\/a><\/p>\n","protected":false},"author":1,"featured_media":0,"parent":225,"menu_order":0,"comment_status":"closed","ping_status":"closed","template":"","meta":{"footnotes":""},"class_list":["post-93","page","type-page","status-publish","hentry"],"_links":{"self":[{"href":"https:\/\/recette.ecoleprimairesaintemarie.fr\/index.php\/wp-json\/wp\/v2\/pages\/93","targetHints":{"allow":["GET"]}}],"collection":[{"href":"https:\/\/recette.ecoleprimairesaintemarie.fr\/index.php\/wp-json\/wp\/v2\/pages"}],"about":[{"href":"https:\/\/recette.ecoleprimairesaintemarie.fr\/index.php\/wp-json\/wp\/v2\/types\/page"}],"author":[{"embeddable":true,"href":"https:\/\/recette.ecoleprimairesaintemarie.fr\/index.php\/wp-json\/wp\/v2\/users\/1"}],"replies":[{"embeddable":true,"href":"https:\/\/recette.ecoleprimairesaintemarie.fr\/index.php\/wp-json\/wp\/v2\/comments?post=93"}],"version-history":[{"count":3,"href":"https:\/\/recette.ecoleprimairesaintemarie.fr\/index.php\/wp-json\/wp\/v2\/pages\/93\/revisions"}],"predecessor-version":[{"id":447,"href":"https:\/\/recette.ecoleprimairesaintemarie.fr\/index.php\/wp-json\/wp\/v2\/pages\/93\/revisions\/447"}],"up":[{"embeddable":true,"href":"https:\/\/recette.ecoleprimairesaintemarie.fr\/index.php\/wp-json\/wp\/v2\/pages\/225"}],"wp:attachment":[{"href":"https:\/\/recette.ecoleprimairesaintemarie.fr\/index.php\/wp-json\/wp\/v2\/media?parent=93"}],"curies":[{"name":"wp","href":"https:\/\/api.w.org\/{rel}","templated":true}]}}