{"id":87,"date":"2021-04-09T15:29:46","date_gmt":"2021-04-09T13:29:46","guid":{"rendered":"https:\/\/recette.ecoleprimairesaintemarie.fr\/?page_id=87"},"modified":"2024-06-07T22:54:52","modified_gmt":"2024-06-07T20:54:52","slug":"etude-surveillee","status":"publish","type":"page","link":"https:\/\/recette.ecoleprimairesaintemarie.fr\/index.php\/informations-pratiques\/etude-surveillee\/","title":{"rendered":"Etude surveill\u00e9e"},"content":{"rendered":"\n<h2 class=\"wp-block-heading\">Modalit\u00e9s<\/h2>\n\n\n\n<p>Les \u00e9l\u00e8ves du CE1 au CM2 peuvent \u00eatre pris en charge en&nbsp;<strong>\u00e9tude surveill\u00e9e sur inscription au trimestre et en respectant les jours choisis \u00e0 l&#8217;inscription<\/strong>&nbsp;:<\/p>\n\n\n\n<p><strong>lundi, mardi, jeudi de 16h15 \u00e0 17h15&nbsp;<\/strong><\/p>\n\n\n\n<p>L&#8217;\u00e9tude surveill\u00e9e est mise en place sur le site \u00e9l\u00e9mentaire.<\/p>\n\n\n\n<p>Les enfants inscrits seront pris en charge par le surveillant de 16h15 \u00e0 17h30 :<\/p>\n\n\n\n<p>&#8211; de 16h15 \u00e0 16h30 : go\u00fbter<\/p>\n\n\n\n<p>&#8211; de 16h30 \u00e0 17h15 : devoirs<\/p>\n\n\n\n<p>&#8211; \u00e0 17h15 d\u00e9part ou accompagnement \u00e0 l&#8217;accueil p\u00e9riscolaire<\/p>\n\n\n\n<figure class=\"wp-block-image size-large\"><img loading=\"lazy\" decoding=\"async\" width=\"625\" height=\"417\" src=\"https:\/\/recette.ecoleprimairesaintemarie.fr\/wp-content\/uploads\/2021\/06\/photoMains.jpg\" alt=\"\" class=\"wp-image-535\" srcset=\"https:\/\/recette.ecoleprimairesaintemarie.fr\/wp-content\/uploads\/2021\/06\/photoMains.jpg 625w, https:\/\/recette.ecoleprimairesaintemarie.fr\/wp-content\/uploads\/2021\/06\/photoMains-300x200.jpg 300w\" sizes=\"auto, (max-width: 625px) 100vw, 625px\" \/><\/figure>\n\n\n\n<h2 class=\"wp-block-heading\">Tarification \u00e0 l&#8217;heure (16h15 \u00e0 17h15) en fonction du quotient familial<\/h2>\n\n\n\n<figure class=\"wp-block-table\"><table><thead><tr><th><strong>Quotient Familial<\/strong><\/th><th><\/th><th class=\"has-text-align-left\" data-align=\"left\">Tarif au 1 heure<\/th><\/tr><tr><th><strong>&nbsp;de<\/strong><\/th><th><strong>\u00e0<\/strong><\/th><th class=\"has-text-align-left\" data-align=\"left\"><\/th><\/tr><\/thead><tbody><tr><td>&nbsp;<strong>0 \u20ac<\/strong><\/td><td><strong>1 000 \u20ac<\/strong><\/td><td class=\"has-text-align-left\" data-align=\"left\">5,32 \u20ac<\/td><\/tr><tr><td><strong>&nbsp;1 001 \u20ac<\/strong><\/td><td><strong>&nbsp;1 250 \u20ac<\/strong><\/td><td class=\"has-text-align-left\" data-align=\"left\">5,40 \u20ac<\/td><\/tr><tr><td>&nbsp;<strong>1 251 \u20ac<\/strong><\/td><td><strong>&nbsp;1 750 \u20ac<\/strong><\/td><td class=\"has-text-align-left\" data-align=\"left\">5,48 \u20ac<\/td><\/tr><tr><td><strong>&nbsp;1 751 \u20ac<\/strong><\/td><td><strong>&nbsp;2 250 \u20ac<\/strong><\/td><td class=\"has-text-align-left\" data-align=\"left\">5,56 \u20ac<\/td><\/tr><tr><td><strong>&nbsp;2 251 \u20ac<\/strong><\/td><td><strong>&nbsp;&#8230; \u20ac<\/strong><\/td><td class=\"has-text-align-left\" data-align=\"left\">5,64 \u20ac<\/td><\/tr><\/tbody><\/table><\/figure>\n\n\n\n<p>Les familles souhaitant b\u00e9n\u00e9ficier de la tarification au QF, transmettront sous enveloppe adress\u00e9e \u00e0 la Directrice, au cours du 1er mois de fr\u00e9quentation de l\u2019Accueil P\u00e9riscolaire, un&nbsp;<strong>justificatif<\/strong>&nbsp;de la &nbsp;CAF) de leur quotient familial ; sans ce justificatif de l\u2019ann\u00e9e civile en cours, le tarif le plus \u00e9lev\u00e9 sera appliqu\u00e9.<\/p>\n\n\n\n<p><strong>Facturation en fin de mois.<\/strong><\/p>\n\n\n\n<p>(tarifs 2024-2025)<\/p>\n","protected":false},"excerpt":{"rendered":"<p>Modalit\u00e9s Les \u00e9l\u00e8ves du CE1 au CM2 peuvent \u00eatre pris en charge en&nbsp;\u00e9tude surveill\u00e9e sur inscription au trimestre et en respectant les jours choisis \u00e0 l&#8217;inscription&nbsp;: lundi, mardi, jeudi de<a class=\"more-link\" href=\"https:\/\/recette.ecoleprimairesaintemarie.fr\/index.php\/informations-pratiques\/etude-surveillee\/\">Lire la suite de <span class=\"screen-reader-text\">&#8220;Etude surveill\u00e9e&#8221;<\/span><\/a><\/p>\n","protected":false},"author":2,"featured_media":0,"parent":165,"menu_order":0,"comment_status":"closed","ping_status":"closed","template":"","meta":{"footnotes":""},"class_list":["post-87","page","type-page","status-publish","hentry"],"_links":{"self":[{"href":"https:\/\/recette.ecoleprimairesaintemarie.fr\/index.php\/wp-json\/wp\/v2\/pages\/87","targetHints":{"allow":["GET"]}}],"collection":[{"href":"https:\/\/recette.ecoleprimairesaintemarie.fr\/index.php\/wp-json\/wp\/v2\/pages"}],"about":[{"href":"https:\/\/recette.ecoleprimairesaintemarie.fr\/index.php\/wp-json\/wp\/v2\/types\/page"}],"author":[{"embeddable":true,"href":"https:\/\/recette.ecoleprimairesaintemarie.fr\/index.php\/wp-json\/wp\/v2\/users\/2"}],"replies":[{"embeddable":true,"href":"https:\/\/recette.ecoleprimairesaintemarie.fr\/index.php\/wp-json\/wp\/v2\/comments?post=87"}],"version-history":[{"count":7,"href":"https:\/\/recette.ecoleprimairesaintemarie.fr\/index.php\/wp-json\/wp\/v2\/pages\/87\/revisions"}],"predecessor-version":[{"id":1255,"href":"https:\/\/recette.ecoleprimairesaintemarie.fr\/index.php\/wp-json\/wp\/v2\/pages\/87\/revisions\/1255"}],"up":[{"embeddable":true,"href":"https:\/\/recette.ecoleprimairesaintemarie.fr\/index.php\/wp-json\/wp\/v2\/pages\/165"}],"wp:attachment":[{"href":"https:\/\/recette.ecoleprimairesaintemarie.fr\/index.php\/wp-json\/wp\/v2\/media?parent=87"}],"curies":[{"name":"wp","href":"https:\/\/api.w.org\/{rel}","templated":true}]}}