{"id":81,"date":"2021-04-09T15:26:17","date_gmt":"2021-04-09T13:26:17","guid":{"rendered":"https:\/\/recette.ecoleprimairesaintemarie.fr\/?page_id=81"},"modified":"2024-09-26T17:15:01","modified_gmt":"2024-09-26T15:15:01","slug":"accueil-peri-scolaire","status":"publish","type":"page","link":"https:\/\/recette.ecoleprimairesaintemarie.fr\/index.php\/informations-pratiques\/accueil-peri-scolaire\/","title":{"rendered":"Accueil p\u00e9riscolaire"},"content":{"rendered":"\n<p><strong>T\u00e9l: 02 40 86 81 61<\/strong><\/p>\n\n\n\n<p>L&#8217;accueil p\u00e9riscolaire des primaires et maternelles,\u00a0a lieu sur <strong>le\u00a0site\u00a0des\u00a0maternelles\u00a0le matin<\/strong>.<\/p>\n\n\n\n<p><strong>Le soir<\/strong>, l&#8217;accueil est assur\u00e9 <strong>sur chaque site<\/strong>. Pour retirer votre enfant du p\u00e9riscolaire le soir, vous devez pr\u00e9senter sa carte d&#8217;identit\u00e9 scolaire. Pour plus de d\u00e9tails, il faut consulter <a href=\"\/wp-content\/uploads\/2024\/09\/presentation-carte-identite-scolaire-et-bon-de-commande-V8.pdf\" target=\"_blank\" rel=\"noreferrer noopener\">ce document<\/a>.<\/p>\n\n\n\n<p><strong>Horaires<\/strong><\/p>\n\n\n\n<p>Voir <a href=\"https:\/\/recette.ecoleprimairesaintemarie.fr\/index.php\/horaires\/\">les horaires de l&#8217;\u00e9cole<\/a>.<\/p>\n\n\n<div class=\"wp-block-image\">\n<figure class=\"aligncenter size-large\"><img loading=\"lazy\" decoding=\"async\" width=\"625\" height=\"417\" src=\"https:\/\/recette.ecoleprimairesaintemarie.fr\/wp-content\/uploads\/2021\/06\/photoMains.jpg\" alt=\"\" class=\"wp-image-535\" srcset=\"https:\/\/recette.ecoleprimairesaintemarie.fr\/wp-content\/uploads\/2021\/06\/photoMains.jpg 625w, https:\/\/recette.ecoleprimairesaintemarie.fr\/wp-content\/uploads\/2021\/06\/photoMains-300x200.jpg 300w\" sizes=\"auto, (max-width: 625px) 100vw, 625px\" \/><\/figure>\n<\/div>\n\n\n<h2 class=\"wp-block-heading\"><strong>Tarification en fonction du quotient familial<\/strong><\/h2>\n\n\n\n<figure class=\"wp-block-table\"><table><thead><tr><th><strong>Quotient Familial<\/strong><\/th><th><\/th><th class=\"has-text-align-left\" data-align=\"left\">Tarif au 1\/4 d&#8217;heure<\/th><\/tr><tr><th><strong>&nbsp;de<\/strong><\/th><th><strong>\u00e0<\/strong><\/th><th class=\"has-text-align-left\" data-align=\"left\"><\/th><\/tr><\/thead><tbody><tr><td>&nbsp;<strong>0 \u20ac<\/strong><\/td><td><strong>1 000 \u20ac<\/strong><\/td><td class=\"has-text-align-left\" data-align=\"left\">0,83 \u20ac<\/td><\/tr><tr><td><strong>&nbsp;1 001 \u20ac<\/strong><\/td><td><strong>&nbsp;1 250 \u20ac<\/strong><\/td><td class=\"has-text-align-left\" data-align=\"left\">0,85 \u20ac<\/td><\/tr><tr><td>&nbsp;<strong>1 251 \u20ac<\/strong><\/td><td><strong>&nbsp;1 750 \u20ac<\/strong><\/td><td class=\"has-text-align-left\" data-align=\"left\">0,87 \u20ac<\/td><\/tr><tr><td><strong>&nbsp;1 751 \u20ac<\/strong><\/td><td><strong>&nbsp;2 250 \u20ac<\/strong><\/td><td class=\"has-text-align-left\" data-align=\"left\">0,89 \u20ac<\/td><\/tr><tr><td><strong>&nbsp;2 251 \u20ac<\/strong><\/td><td><strong>&nbsp;&#8230; \u20ac<\/strong><\/td><td class=\"has-text-align-left\" data-align=\"left\">0,91 \u20ac<\/td><\/tr><\/tbody><\/table><\/figure>\n\n\n\n<p>Les familles souhaitant b\u00e9n\u00e9ficier de la tarification au QF, transmettront sous enveloppe adress\u00e9e \u00e0 la Directrice, au cours du 1er mois de fr\u00e9quentation de l\u2019Accueil P\u00e9riscolaire, un&nbsp;<strong>justificatif<\/strong>&nbsp;de la &nbsp;CAF) de leur quotient familial ; sans ce justificatif de l\u2019ann\u00e9e civile en cours, le tarif le plus \u00e9lev\u00e9 sera appliqu\u00e9.<\/p>\n\n\n\n<p><strong>Facturation en fin de mois.<\/strong><\/p>\n\n\n\n<h2 class=\"wp-block-heading\">Go\u00fbter<\/h2>\n\n\n\n<p>&nbsp;Tarif unique : 0,82 \u20ac<\/p>\n\n\n\n<p>(tarifs 2024-2025)<\/p>\n","protected":false},"excerpt":{"rendered":"<p>T\u00e9l: 02 40 86 81 61 L&#8217;accueil p\u00e9riscolaire des primaires et maternelles,\u00a0a lieu sur le\u00a0site\u00a0des\u00a0maternelles\u00a0le matin. Le soir, l&#8217;accueil est assur\u00e9 sur chaque site. Pour retirer votre enfant du p\u00e9riscolaire<a class=\"more-link\" href=\"https:\/\/recette.ecoleprimairesaintemarie.fr\/index.php\/informations-pratiques\/accueil-peri-scolaire\/\">Lire la suite de <span class=\"screen-reader-text\">&#8220;Accueil p\u00e9riscolaire&#8221;<\/span><\/a><\/p>\n","protected":false},"author":2,"featured_media":0,"parent":165,"menu_order":0,"comment_status":"closed","ping_status":"closed","template":"","meta":{"footnotes":""},"class_list":["post-81","page","type-page","status-publish","hentry"],"_links":{"self":[{"href":"https:\/\/recette.ecoleprimairesaintemarie.fr\/index.php\/wp-json\/wp\/v2\/pages\/81","targetHints":{"allow":["GET"]}}],"collection":[{"href":"https:\/\/recette.ecoleprimairesaintemarie.fr\/index.php\/wp-json\/wp\/v2\/pages"}],"about":[{"href":"https:\/\/recette.ecoleprimairesaintemarie.fr\/index.php\/wp-json\/wp\/v2\/types\/page"}],"author":[{"embeddable":true,"href":"https:\/\/recette.ecoleprimairesaintemarie.fr\/index.php\/wp-json\/wp\/v2\/users\/2"}],"replies":[{"embeddable":true,"href":"https:\/\/recette.ecoleprimairesaintemarie.fr\/index.php\/wp-json\/wp\/v2\/comments?post=81"}],"version-history":[{"count":11,"href":"https:\/\/recette.ecoleprimairesaintemarie.fr\/index.php\/wp-json\/wp\/v2\/pages\/81\/revisions"}],"predecessor-version":[{"id":1345,"href":"https:\/\/recette.ecoleprimairesaintemarie.fr\/index.php\/wp-json\/wp\/v2\/pages\/81\/revisions\/1345"}],"up":[{"embeddable":true,"href":"https:\/\/recette.ecoleprimairesaintemarie.fr\/index.php\/wp-json\/wp\/v2\/pages\/165"}],"wp:attachment":[{"href":"https:\/\/recette.ecoleprimairesaintemarie.fr\/index.php\/wp-json\/wp\/v2\/media?parent=81"}],"curies":[{"name":"wp","href":"https:\/\/api.w.org\/{rel}","templated":true}]}}