{"id":78,"date":"2021-04-09T15:20:40","date_gmt":"2021-04-09T13:20:40","guid":{"rendered":"https:\/\/recette.ecoleprimairesaintemarie.fr\/?page_id=78"},"modified":"2021-04-14T16:54:59","modified_gmt":"2021-04-14T14:54:59","slug":"inscription-6eme","status":"publish","type":"page","link":"https:\/\/recette.ecoleprimairesaintemarie.fr\/index.php\/informations-pratiques\/inscription-6eme\/","title":{"rendered":"Inscription 6\u00e8me"},"content":{"rendered":"\n<p>Chaque famille d&#8217;\u00e9l\u00e8ve de CM2 doit contacter le chef d&#8217;\u00e9tablissement des coll\u00e8ges envisag\u00e9s. Ces prises de rendez vous doivent commencer d\u00e8s le mois de novembre.<\/p>\n","protected":false},"excerpt":{"rendered":"<p>Chaque famille d&#8217;\u00e9l\u00e8ve de CM2 doit contacter le chef d&#8217;\u00e9tablissement des coll\u00e8ges envisag\u00e9s. Ces prises de rendez vous doivent commencer d\u00e8s le mois de novembre.<\/p>\n","protected":false},"author":1,"featured_media":0,"parent":165,"menu_order":0,"comment_status":"closed","ping_status":"closed","template":"","meta":{"footnotes":""},"class_list":["post-78","page","type-page","status-publish","hentry"],"_links":{"self":[{"href":"https:\/\/recette.ecoleprimairesaintemarie.fr\/index.php\/wp-json\/wp\/v2\/pages\/78","targetHints":{"allow":["GET"]}}],"collection":[{"href":"https:\/\/recette.ecoleprimairesaintemarie.fr\/index.php\/wp-json\/wp\/v2\/pages"}],"about":[{"href":"https:\/\/recette.ecoleprimairesaintemarie.fr\/index.php\/wp-json\/wp\/v2\/types\/page"}],"author":[{"embeddable":true,"href":"https:\/\/recette.ecoleprimairesaintemarie.fr\/index.php\/wp-json\/wp\/v2\/users\/1"}],"replies":[{"embeddable":true,"href":"https:\/\/recette.ecoleprimairesaintemarie.fr\/index.php\/wp-json\/wp\/v2\/comments?post=78"}],"version-history":[{"count":1,"href":"https:\/\/recette.ecoleprimairesaintemarie.fr\/index.php\/wp-json\/wp\/v2\/pages\/78\/revisions"}],"predecessor-version":[{"id":79,"href":"https:\/\/recette.ecoleprimairesaintemarie.fr\/index.php\/wp-json\/wp\/v2\/pages\/78\/revisions\/79"}],"up":[{"embeddable":true,"href":"https:\/\/recette.ecoleprimairesaintemarie.fr\/index.php\/wp-json\/wp\/v2\/pages\/165"}],"wp:attachment":[{"href":"https:\/\/recette.ecoleprimairesaintemarie.fr\/index.php\/wp-json\/wp\/v2\/media?parent=78"}],"curies":[{"name":"wp","href":"https:\/\/api.w.org\/{rel}","templated":true}]}}