{"id":760,"date":"2022-01-25T14:19:09","date_gmt":"2022-01-25T13:19:09","guid":{"rendered":"https:\/\/recette.ecoleprimairesaintemarie.fr\/?page_id=760"},"modified":"2022-01-25T14:19:10","modified_gmt":"2022-01-25T13:19:10","slug":"rss-2","status":"publish","type":"page","link":"https:\/\/recette.ecoleprimairesaintemarie.fr\/index.php\/rss-2\/","title":{"rendered":"RSS"},"content":{"rendered":"\n<p>Les fils RSS (de l&#8217;anglais &#8220;Rich Site Summary&#8221; ou &#8220;Really Simple Syndication&#8221;) permettent aux internautes de recevoir en temps r\u00e9el les titres des derni\u00e8res informations publi\u00e9es sur le site de l&#8217;\u00e9cole.<\/p>\n\n\n\n<p>Il y a trois moyens de r\u00e9cup\u00e9rer automatiquement et en temps r\u00e9el un flux RSS :<\/p>\n\n\n\n<ul class=\"wp-block-list\"><li>Utiliser un <strong>navigateur<\/strong> (avec un plugin d\u00e9di\u00e9) ou un <strong>logiciel de messagerie <\/strong>int\u00e9grant une fonction de lecture de fils RSS : Firefox, Chrome, Internet Explorer, Edge, Opera, Thunderbird, Outlook, &#8230;<\/li><li>S&#8217;inscrire sur un <strong>site d&#8217;agr\u00e9gateurs<\/strong> de contenu en ligne comme Netvibes ou iGoogle et cr\u00e9er votre page dans laquelle vous int\u00e8grerez tous les fils d&#8217;actualit\u00e9 que vous souhaitez lire r\u00e9guli\u00e8rement<\/li><li>Se doter d&#8217;un <strong>logiciel de lecture sp\u00e9cifique<\/strong> : RSS Owl, FeedReader, &#8230;<\/li><\/ul>\n\n\n\n<figure class=\"wp-block-embed is-type-video is-provider-youtube wp-block-embed-youtube wp-embed-aspect-16-9 wp-has-aspect-ratio\"><div class=\"wp-block-embed__wrapper\">\n<iframe loading=\"lazy\" title=\"Les flux RSS - 1 Minute pour comprendre\" width=\"900\" height=\"506\" src=\"https:\/\/www.youtube.com\/embed\/8nOKV29thL0?feature=oembed\" frameborder=\"0\" allow=\"accelerometer; autoplay; clipboard-write; encrypted-media; gyroscope; picture-in-picture\" allowfullscreen><\/iframe>\n<\/div><figcaption>Comprendre le flux RSS en 1 minute<\/figcaption><\/figure>\n\n\n\n<div class=\"wp-block-columns is-layout-flex wp-container-core-columns-is-layout-9d6595d7 wp-block-columns-is-layout-flex\">\n<div class=\"wp-block-column is-vertically-aligned-center is-layout-flow wp-block-column-is-layout-flow\" style=\"flex-basis:80px\">\n<div class=\"wp-block-image\"><figure class=\"aligncenter size-full is-resized\"><img loading=\"lazy\" decoding=\"async\" src=\"https:\/\/recette.ecoleprimairesaintemarie.fr\/wp-content\/uploads\/2022\/01\/rss.png\" alt=\"\" class=\"wp-image-761\" width=\"50\" height=\"48\" srcset=\"https:\/\/recette.ecoleprimairesaintemarie.fr\/wp-content\/uploads\/2022\/01\/rss.png 430w, https:\/\/recette.ecoleprimairesaintemarie.fr\/wp-content\/uploads\/2022\/01\/rss-300x296.png 300w\" sizes=\"auto, (max-width: 50px) 100vw, 50px\" \/><\/figure><\/div>\n<\/div>\n\n\n\n<div class=\"wp-block-column is-layout-flow wp-block-column-is-layout-flow\" style=\"flex-basis:800px\">\n<p class=\"has-text-align-left\">Le lien \u00e0 utiliser pour notre flux RSS est disponible ici : <a rel=\"noreferrer noopener\" href=\"https:\/\/recette.ecoleprimairesaintemarie.fr\/?feed=rss2\" target=\"_blank\">https:\/\/recette.ecoleprimairesaintemarie.fr\/?feed=rss2<\/a><\/p>\n<\/div>\n<\/div>\n","protected":false},"excerpt":{"rendered":"<p>Les fils RSS (de l&#8217;anglais &#8220;Rich Site Summary&#8221; ou &#8220;Really Simple Syndication&#8221;) permettent aux internautes de recevoir en temps r\u00e9el les titres des derni\u00e8res informations publi\u00e9es sur le site de<a class=\"more-link\" href=\"https:\/\/recette.ecoleprimairesaintemarie.fr\/index.php\/rss-2\/\">Lire la suite de <span class=\"screen-reader-text\">&#8220;RSS&#8221;<\/span><\/a><\/p>\n","protected":false},"author":1,"featured_media":761,"parent":0,"menu_order":0,"comment_status":"closed","ping_status":"closed","template":"","meta":{"footnotes":""},"class_list":["post-760","page","type-page","status-publish","has-post-thumbnail","hentry"],"_links":{"self":[{"href":"https:\/\/recette.ecoleprimairesaintemarie.fr\/index.php\/wp-json\/wp\/v2\/pages\/760","targetHints":{"allow":["GET"]}}],"collection":[{"href":"https:\/\/recette.ecoleprimairesaintemarie.fr\/index.php\/wp-json\/wp\/v2\/pages"}],"about":[{"href":"https:\/\/recette.ecoleprimairesaintemarie.fr\/index.php\/wp-json\/wp\/v2\/types\/page"}],"author":[{"embeddable":true,"href":"https:\/\/recette.ecoleprimairesaintemarie.fr\/index.php\/wp-json\/wp\/v2\/users\/1"}],"replies":[{"embeddable":true,"href":"https:\/\/recette.ecoleprimairesaintemarie.fr\/index.php\/wp-json\/wp\/v2\/comments?post=760"}],"version-history":[{"count":2,"href":"https:\/\/recette.ecoleprimairesaintemarie.fr\/index.php\/wp-json\/wp\/v2\/pages\/760\/revisions"}],"predecessor-version":[{"id":763,"href":"https:\/\/recette.ecoleprimairesaintemarie.fr\/index.php\/wp-json\/wp\/v2\/pages\/760\/revisions\/763"}],"wp:featuredmedia":[{"embeddable":true,"href":"https:\/\/recette.ecoleprimairesaintemarie.fr\/index.php\/wp-json\/wp\/v2\/media\/761"}],"wp:attachment":[{"href":"https:\/\/recette.ecoleprimairesaintemarie.fr\/index.php\/wp-json\/wp\/v2\/media?parent=760"}],"curies":[{"name":"wp","href":"https:\/\/api.w.org\/{rel}","templated":true}]}}