{"id":76,"date":"2021-04-09T15:19:50","date_gmt":"2021-04-09T13:19:50","guid":{"rendered":"https:\/\/recette.ecoleprimairesaintemarie.fr\/?page_id=76"},"modified":"2021-04-14T16:55:15","modified_gmt":"2021-04-14T14:55:15","slug":"inscriptions","status":"publish","type":"page","link":"https:\/\/recette.ecoleprimairesaintemarie.fr\/index.php\/informations-pratiques\/inscriptions\/","title":{"rendered":"Inscriptions"},"content":{"rendered":"\n<p><strong>Le Chef d&#8217;Etablissement re\u00e7oit les familles pour les inscriptions<\/strong>&nbsp;sur RDV.<\/p>\n\n\n\n<p>Documents \u00e0 pr\u00e9voir : carnet de sant\u00e9 et livret de famille.<\/p>\n\n\n\n<p>Vous pouvez prendre contact&nbsp;:<\/p>\n\n\n\n<ul class=\"wp-block-list\"><li>&nbsp; &nbsp; &nbsp; &nbsp; &nbsp;&nbsp;par t\u00e9l\u00e9phone ( 02 40 86 91 95)<\/li><li>&nbsp; &nbsp; &nbsp; &nbsp; &nbsp;&nbsp;par mail (&nbsp;<a href=\"mailto:contact@ecoleprimairesaintemarie.fr\">contact@ecoleprimairesaintemarie.fr<\/a>)<\/li><\/ul>\n","protected":false},"excerpt":{"rendered":"<p>Le Chef d&#8217;Etablissement re\u00e7oit les familles pour les inscriptions&nbsp;sur RDV. Documents \u00e0 pr\u00e9voir : carnet de sant\u00e9 et livret de famille. Vous pouvez prendre contact&nbsp;: &nbsp; &nbsp; &nbsp; &nbsp; &nbsp;&nbsp;par<a class=\"more-link\" href=\"https:\/\/recette.ecoleprimairesaintemarie.fr\/index.php\/informations-pratiques\/inscriptions\/\">Lire la suite de <span class=\"screen-reader-text\">&#8220;Inscriptions&#8221;<\/span><\/a><\/p>\n","protected":false},"author":1,"featured_media":0,"parent":165,"menu_order":0,"comment_status":"closed","ping_status":"closed","template":"","meta":{"footnotes":""},"class_list":["post-76","page","type-page","status-publish","hentry"],"_links":{"self":[{"href":"https:\/\/recette.ecoleprimairesaintemarie.fr\/index.php\/wp-json\/wp\/v2\/pages\/76","targetHints":{"allow":["GET"]}}],"collection":[{"href":"https:\/\/recette.ecoleprimairesaintemarie.fr\/index.php\/wp-json\/wp\/v2\/pages"}],"about":[{"href":"https:\/\/recette.ecoleprimairesaintemarie.fr\/index.php\/wp-json\/wp\/v2\/types\/page"}],"author":[{"embeddable":true,"href":"https:\/\/recette.ecoleprimairesaintemarie.fr\/index.php\/wp-json\/wp\/v2\/users\/1"}],"replies":[{"embeddable":true,"href":"https:\/\/recette.ecoleprimairesaintemarie.fr\/index.php\/wp-json\/wp\/v2\/comments?post=76"}],"version-history":[{"count":1,"href":"https:\/\/recette.ecoleprimairesaintemarie.fr\/index.php\/wp-json\/wp\/v2\/pages\/76\/revisions"}],"predecessor-version":[{"id":77,"href":"https:\/\/recette.ecoleprimairesaintemarie.fr\/index.php\/wp-json\/wp\/v2\/pages\/76\/revisions\/77"}],"up":[{"embeddable":true,"href":"https:\/\/recette.ecoleprimairesaintemarie.fr\/index.php\/wp-json\/wp\/v2\/pages\/165"}],"wp:attachment":[{"href":"https:\/\/recette.ecoleprimairesaintemarie.fr\/index.php\/wp-json\/wp\/v2\/media?parent=76"}],"curies":[{"name":"wp","href":"https:\/\/api.w.org\/{rel}","templated":true}]}}