{"id":69,"date":"2021-04-09T15:19:14","date_gmt":"2021-04-09T13:19:14","guid":{"rendered":"https:\/\/recette.ecoleprimairesaintemarie.fr\/?page_id=69"},"modified":"2024-09-26T17:08:39","modified_gmt":"2024-09-26T15:08:39","slug":"formulaires","status":"publish","type":"page","link":"https:\/\/recette.ecoleprimairesaintemarie.fr\/index.php\/informations-pratiques\/formulaires\/","title":{"rendered":"Formulaires"},"content":{"rendered":"\n<h2 class=\"wp-block-heading\">Documents t\u00e9l\u00e9chargeables<\/h2>\n\n\n\n<div class=\"wp-block-file\"><a id=\"wp-block-file--media-d74d8b22-444a-426b-b69a-2d9a17ac17c7\" href=\"https:\/\/recette.ecoleprimairesaintemarie.fr\/wp-content\/uploads\/2024\/09\/Bulletins-dabscence-rentree.pdf\">Bulletins-dabscence-rentree<\/a><a href=\"https:\/\/recette.ecoleprimairesaintemarie.fr\/wp-content\/uploads\/2024\/09\/Bulletins-dabscence-rentree.pdf\" class=\"wp-block-file__button wp-element-button\" download aria-describedby=\"wp-block-file--media-d74d8b22-444a-426b-b69a-2d9a17ac17c7\">T\u00e9l\u00e9charger<\/a><\/div>\n\n\n\n<div class=\"wp-block-file\"><a id=\"wp-block-file--media-6dc92cda-ae51-42b5-b8f3-7c0dafab0753\" href=\"https:\/\/recette.ecoleprimairesaintemarie.fr\/wp-content\/uploads\/2024\/09\/presentation-carte-identite-scolaire-et-bon-de-commande-V8.pdf\">pr\u00e9sentation carte identit\u00e9 scolaire et bon de commande V8<\/a><a href=\"https:\/\/recette.ecoleprimairesaintemarie.fr\/wp-content\/uploads\/2024\/09\/presentation-carte-identite-scolaire-et-bon-de-commande-V8.pdf\" class=\"wp-block-file__button wp-element-button\" download aria-describedby=\"wp-block-file--media-6dc92cda-ae51-42b5-b8f3-7c0dafab0753\">T\u00e9l\u00e9charger<\/a><\/div>\n\n\n\n<p>Pour pouvoir lire les documents t\u00e9l\u00e9chargeables sur cette page, vous devez installer sur votre poste un logiciel de lecture PDF comme Adobe Reader.<\/p>\n\n\n\n<p>Si ce n&#8217;est pas le cas vous pouvez t\u00e9l\u00e9charger le logiciel Adobe Reader en cliquant sur l&#8217;image ci-dessous.<\/p>\n\n\n<div class=\"wp-block-image\">\n<figure class=\"aligncenter size-full is-resized\"><a href=\"https:\/\/get.adobe.com\/fr\/reader\/\" target=\"_blank\" rel=\"noopener\"><img loading=\"lazy\" decoding=\"async\" width=\"112\" height=\"33\" src=\"https:\/\/recette.ecoleprimairesaintemarie.fr\/wp-content\/uploads\/2021\/10\/get_adobe_reader.gif\" alt=\"\" class=\"wp-image-628\" style=\"width:112px;height:33px\"\/><\/a><\/figure>\n<\/div>\n\n\n<p><\/p>\n","protected":false},"excerpt":{"rendered":"<p>Documents t\u00e9l\u00e9chargeables Pour pouvoir lire les documents t\u00e9l\u00e9chargeables sur cette page, vous devez installer sur votre poste un logiciel de lecture PDF comme Adobe Reader. Si ce n&#8217;est pas le<a class=\"more-link\" href=\"https:\/\/recette.ecoleprimairesaintemarie.fr\/index.php\/informations-pratiques\/formulaires\/\">Lire la suite de <span class=\"screen-reader-text\">&#8220;Formulaires&#8221;<\/span><\/a><\/p>\n","protected":false},"author":1,"featured_media":0,"parent":165,"menu_order":0,"comment_status":"closed","ping_status":"closed","template":"","meta":{"footnotes":""},"class_list":["post-69","page","type-page","status-publish","hentry"],"_links":{"self":[{"href":"https:\/\/recette.ecoleprimairesaintemarie.fr\/index.php\/wp-json\/wp\/v2\/pages\/69","targetHints":{"allow":["GET"]}}],"collection":[{"href":"https:\/\/recette.ecoleprimairesaintemarie.fr\/index.php\/wp-json\/wp\/v2\/pages"}],"about":[{"href":"https:\/\/recette.ecoleprimairesaintemarie.fr\/index.php\/wp-json\/wp\/v2\/types\/page"}],"author":[{"embeddable":true,"href":"https:\/\/recette.ecoleprimairesaintemarie.fr\/index.php\/wp-json\/wp\/v2\/users\/1"}],"replies":[{"embeddable":true,"href":"https:\/\/recette.ecoleprimairesaintemarie.fr\/index.php\/wp-json\/wp\/v2\/comments?post=69"}],"version-history":[{"count":10,"href":"https:\/\/recette.ecoleprimairesaintemarie.fr\/index.php\/wp-json\/wp\/v2\/pages\/69\/revisions"}],"predecessor-version":[{"id":1343,"href":"https:\/\/recette.ecoleprimairesaintemarie.fr\/index.php\/wp-json\/wp\/v2\/pages\/69\/revisions\/1343"}],"up":[{"embeddable":true,"href":"https:\/\/recette.ecoleprimairesaintemarie.fr\/index.php\/wp-json\/wp\/v2\/pages\/165"}],"wp:attachment":[{"href":"https:\/\/recette.ecoleprimairesaintemarie.fr\/index.php\/wp-json\/wp\/v2\/media?parent=69"}],"curies":[{"name":"wp","href":"https:\/\/api.w.org\/{rel}","templated":true}]}}