{"id":61,"date":"2021-04-09T14:41:43","date_gmt":"2021-04-09T12:41:43","guid":{"rendered":"https:\/\/recette.ecoleprimairesaintemarie.fr\/?page_id=61"},"modified":"2024-06-07T22:53:15","modified_gmt":"2024-06-07T20:53:15","slug":"contribution-des-familles","status":"publish","type":"page","link":"https:\/\/recette.ecoleprimairesaintemarie.fr\/index.php\/informations-pratiques\/contribution-des-familles\/","title":{"rendered":"Frais de Scolarit\u00e9"},"content":{"rendered":"\n<p>A compter du 1er septembre 2024, des tranches tarifaires seront mises en places afin d&#8217;assurer une tarification \u00e9quitable et solidaire.<\/p>\n\n\n\n<p>La contribution des familles <strong>st\u00e9phanoises<\/strong> d\u00e9bute \u00e0 partir de<strong> 298,28 \u20ac.<\/strong><\/p>\n\n\n\n<p>La contribution des familles <strong>hors commune<\/strong> d\u00e9bute \u00e0 partir de <strong>343,38 \u20ac.<\/strong><\/p>\n\n\n\n<p>Les familles souhaitant b\u00e9n\u00e9ficier de la tarification au QF, transmettront sous enveloppe adress\u00e9e \u00e0 la Directrice, au cours du 1er mois de fr\u00e9quentation de l\u2019Accueil P\u00e9riscolaire, un\u00a0<strong>justificatif<\/strong>\u00a0de la \u00a0CAF) de leur quotient familial ; sans ce justificatif de l\u2019ann\u00e9e civile en cours, le tarif le plus \u00e9lev\u00e9 sera appliqu\u00e9.<\/p>\n\n\n\n<p><strong><strong>Facturation mensuelle par pr\u00e9l\u00e8vement sur 10 mois<\/strong><\/strong><\/p>\n\n\n\n<p>(tarif 2024-2025)<\/p>\n","protected":false},"excerpt":{"rendered":"<p>A compter du 1er septembre 2024, des tranches tarifaires seront mises en places afin d&#8217;assurer une tarification \u00e9quitable et solidaire. La contribution des familles st\u00e9phanoises d\u00e9bute \u00e0 partir de 298,28<a class=\"more-link\" href=\"https:\/\/recette.ecoleprimairesaintemarie.fr\/index.php\/informations-pratiques\/contribution-des-familles\/\">Lire la suite de <span class=\"screen-reader-text\">&#8220;Frais de Scolarit\u00e9&#8221;<\/span><\/a><\/p>\n","protected":false},"author":2,"featured_media":0,"parent":165,"menu_order":0,"comment_status":"closed","ping_status":"closed","template":"","meta":{"footnotes":""},"class_list":["post-61","page","type-page","status-publish","hentry"],"_links":{"self":[{"href":"https:\/\/recette.ecoleprimairesaintemarie.fr\/index.php\/wp-json\/wp\/v2\/pages\/61","targetHints":{"allow":["GET"]}}],"collection":[{"href":"https:\/\/recette.ecoleprimairesaintemarie.fr\/index.php\/wp-json\/wp\/v2\/pages"}],"about":[{"href":"https:\/\/recette.ecoleprimairesaintemarie.fr\/index.php\/wp-json\/wp\/v2\/types\/page"}],"author":[{"embeddable":true,"href":"https:\/\/recette.ecoleprimairesaintemarie.fr\/index.php\/wp-json\/wp\/v2\/users\/2"}],"replies":[{"embeddable":true,"href":"https:\/\/recette.ecoleprimairesaintemarie.fr\/index.php\/wp-json\/wp\/v2\/comments?post=61"}],"version-history":[{"count":13,"href":"https:\/\/recette.ecoleprimairesaintemarie.fr\/index.php\/wp-json\/wp\/v2\/pages\/61\/revisions"}],"predecessor-version":[{"id":1253,"href":"https:\/\/recette.ecoleprimairesaintemarie.fr\/index.php\/wp-json\/wp\/v2\/pages\/61\/revisions\/1253"}],"up":[{"embeddable":true,"href":"https:\/\/recette.ecoleprimairesaintemarie.fr\/index.php\/wp-json\/wp\/v2\/pages\/165"}],"wp:attachment":[{"href":"https:\/\/recette.ecoleprimairesaintemarie.fr\/index.php\/wp-json\/wp\/v2\/media?parent=61"}],"curies":[{"name":"wp","href":"https:\/\/api.w.org\/{rel}","templated":true}]}}