{"id":57,"date":"2021-04-09T14:40:43","date_gmt":"2021-04-09T12:40:43","guid":{"rendered":"https:\/\/recette.ecoleprimairesaintemarie.fr\/?page_id=57"},"modified":"2021-10-13T21:49:23","modified_gmt":"2021-10-13T19:49:23","slug":"assurances","status":"publish","type":"page","link":"https:\/\/recette.ecoleprimairesaintemarie.fr\/index.php\/informations-pratiques\/assurances\/","title":{"rendered":"Assurances"},"content":{"rendered":"\n<p><strong>Individuelle Accident : 5,76\u20ac par enfant<\/strong><\/p>\n\n\n\n<p>L&#8217;\u00e9cole a fait le choix d&#8217;assurer l&#8217;ensemble des enfants en Individuelle Accident. <\/p>\n\n\n\n<p><strong>Celle-ci est obligatoire<\/strong>.<\/p>\n\n\n\n<p>Cette d\u00e9cision d&#8217;assurer tous les \u00e9l\u00e8ves, l&#8217;OGEC l&#8217;a faite pour leur assurer une ouverture maximale. <\/p>\n\n\n\n<p><strong>Celle-ci les couvrira \u00e9galement sur des activit\u00e9s extra-scolaire<\/strong>.  Vous n&#8217;aurez donc plus \u00e0 fournir d&#8217;attestation.<\/p>\n\n\n\n<p>Vous pourrez retrouver les garanties de cette assurance, t\u00e9l\u00e9charger une attestation pour leurs activit\u00e9s (sportives, culturelles, &#8230;) sur un espace d\u00e9di\u00e9 (cf. flyer <a href=\"https:\/\/www.saint-christophe-assurances.fr\/\" target=\"_blank\" rel=\"noreferrer noopener\">Mutuelles St Christophe<\/a>).<\/p>\n\n\n\n<p>La cotisation \u00e0 cette assurance obligatoire apparaitra sur la facture d&#8217;octobre.<\/p>\n","protected":false},"excerpt":{"rendered":"<p>Individuelle Accident : 5,76\u20ac par enfant L&#8217;\u00e9cole a fait le choix d&#8217;assurer l&#8217;ensemble des enfants en Individuelle Accident. Celle-ci est obligatoire. Cette d\u00e9cision d&#8217;assurer tous les \u00e9l\u00e8ves, l&#8217;OGEC l&#8217;a faite<a class=\"more-link\" href=\"https:\/\/recette.ecoleprimairesaintemarie.fr\/index.php\/informations-pratiques\/assurances\/\">Lire la suite de <span class=\"screen-reader-text\">&#8220;Assurances&#8221;<\/span><\/a><\/p>\n","protected":false},"author":2,"featured_media":0,"parent":165,"menu_order":0,"comment_status":"closed","ping_status":"closed","template":"","meta":{"footnotes":""},"class_list":["post-57","page","type-page","status-publish","hentry"],"_links":{"self":[{"href":"https:\/\/recette.ecoleprimairesaintemarie.fr\/index.php\/wp-json\/wp\/v2\/pages\/57","targetHints":{"allow":["GET"]}}],"collection":[{"href":"https:\/\/recette.ecoleprimairesaintemarie.fr\/index.php\/wp-json\/wp\/v2\/pages"}],"about":[{"href":"https:\/\/recette.ecoleprimairesaintemarie.fr\/index.php\/wp-json\/wp\/v2\/types\/page"}],"author":[{"embeddable":true,"href":"https:\/\/recette.ecoleprimairesaintemarie.fr\/index.php\/wp-json\/wp\/v2\/users\/2"}],"replies":[{"embeddable":true,"href":"https:\/\/recette.ecoleprimairesaintemarie.fr\/index.php\/wp-json\/wp\/v2\/comments?post=57"}],"version-history":[{"count":4,"href":"https:\/\/recette.ecoleprimairesaintemarie.fr\/index.php\/wp-json\/wp\/v2\/pages\/57\/revisions"}],"predecessor-version":[{"id":622,"href":"https:\/\/recette.ecoleprimairesaintemarie.fr\/index.php\/wp-json\/wp\/v2\/pages\/57\/revisions\/622"}],"up":[{"embeddable":true,"href":"https:\/\/recette.ecoleprimairesaintemarie.fr\/index.php\/wp-json\/wp\/v2\/pages\/165"}],"wp:attachment":[{"href":"https:\/\/recette.ecoleprimairesaintemarie.fr\/index.php\/wp-json\/wp\/v2\/media?parent=57"}],"curies":[{"name":"wp","href":"https:\/\/api.w.org\/{rel}","templated":true}]}}