{"id":52,"date":"2021-04-09T14:39:20","date_gmt":"2021-04-09T12:39:20","guid":{"rendered":"https:\/\/recette.ecoleprimairesaintemarie.fr\/?page_id=52"},"modified":"2024-09-02T10:24:49","modified_gmt":"2024-09-02T08:24:49","slug":"orgnanigramme","status":"publish","type":"page","link":"https:\/\/recette.ecoleprimairesaintemarie.fr\/index.php\/informations-pratiques\/orgnanigramme\/","title":{"rendered":"Organigramme"},"content":{"rendered":"\n<h3 class=\"wp-block-heading\"><strong>Direction<\/strong>&nbsp;: &nbsp;&nbsp;M Yann MADEC<\/h3>\n\n\n\n<p><strong>Secr\u00e9tariat\/Comptabilit\u00e9&nbsp;<\/strong>:&nbsp;Mme Ga\u00eblle BUT\/ Mme Aur\u00e9lie BARITEAU LEBATARD, Mme M\u00e9ot Anne Louise<\/p>\n\n\n\n<figure class=\"wp-block-table\"><table><tbody><tr><th>Classes Maternelles<\/th><\/tr><tr><td><strong>Enseignants<\/strong>&nbsp;:<br>Mme C\u00e9cile AURAY<br>Mme Sonia FERNANDEZ<br>Mme Marie MAHE<br>Mme Anne-Laure RAMBAUD<br>Mme Anne VILAINE<br>Mr Cyrille LOUET (ASH)<\/td><td><strong>ASEM&nbsp;<\/strong>:<br>Mme Marie-Dominique BARRAIS<br>Mme Lindsay&nbsp;BATAILLE<br>Mme Audrey BENIGUEL (EVS)<br>Mme Mathilde DE RIDDER<br>Mme C\u00e9line GOULHAM<br>Mme Christel LEROY<br>Mme Bernadette MOSSET<br><\/td><\/tr><\/tbody><\/table><\/figure>\n\n\n\n<figure class=\"wp-block-image size-large\"><img loading=\"lazy\" decoding=\"async\" width=\"763\" height=\"504\" src=\"https:\/\/recette.ecoleprimairesaintemarie.fr\/wp-content\/uploads\/2021\/04\/classeMaternelleBas.jpg\" alt=\"\" class=\"wp-image-448\" srcset=\"https:\/\/recette.ecoleprimairesaintemarie.fr\/wp-content\/uploads\/2021\/04\/classeMaternelleBas.jpg 763w, https:\/\/recette.ecoleprimairesaintemarie.fr\/wp-content\/uploads\/2021\/04\/classeMaternelleBas-300x198.jpg 300w\" sizes=\"auto, (max-width: 763px) 100vw, 763px\" \/><\/figure>\n\n\n\n<figure class=\"wp-block-table\"><table><tbody><tr><th>Classes Primaires<\/th><\/tr><tr><td><strong>Enseignants<\/strong>\u00a0:<br>Mme Sylvie BROUARD Mme\u00a0Sol\u00e8ne MARY<br>Mme Agn\u00e8s-Flore JAUNET Mme\u00a0France Anne\u00a0MAUBOUCHER<br>Mme Virginie JOUSSET Mme Catherine PLAUD<br>Mr Cyrille LOUET (ASH) Mme Virginie PONTHOU<br>Mme Isabelle TEYSSIEUX<\/td><\/tr><\/tbody><\/table><\/figure>\n\n\n\n<figure class=\"wp-block-image size-large\"><img loading=\"lazy\" decoding=\"async\" width=\"800\" height=\"532\" src=\"https:\/\/recette.ecoleprimairesaintemarie.fr\/wp-content\/uploads\/2021\/04\/CM1.jpg\" alt=\"\" class=\"wp-image-449\" srcset=\"https:\/\/recette.ecoleprimairesaintemarie.fr\/wp-content\/uploads\/2021\/04\/CM1.jpg 800w, https:\/\/recette.ecoleprimairesaintemarie.fr\/wp-content\/uploads\/2021\/04\/CM1-300x200.jpg 300w, https:\/\/recette.ecoleprimairesaintemarie.fr\/wp-content\/uploads\/2021\/04\/CM1-768x511.jpg 768w\" sizes=\"auto, (max-width: 800px) 100vw, 800px\" \/><\/figure>\n\n\n\n<p><strong>Etude surveill\u00e9e&nbsp;<\/strong>:<\/p>\n\n\n\n<p>Mme Mathilde DE RIDDER \/ Mme Anne-Louise MEOT.<\/p>\n\n\n\n<figure class=\"wp-block-table\"><table><tbody><tr><td><strong>Restauration et Entretien<\/strong>&nbsp;: &nbsp; &nbsp; &nbsp; &nbsp; &nbsp; &nbsp; &nbsp; &nbsp; &nbsp; &nbsp;&nbsp;<br>Mme Marie-Dominique BARRAIS<br>Mme Audrey BENIGUEL<br>Mme Mathilde DE RIDDER<br>Mme Pascale DE RIDDER<br>Mme C\u00e9line GOULHAM<br>M. Alexis GUEGUEN<br>Mme Roselyne HALLIEN<br>Mme Christel LEROY<br>Mme Bernadette MENET<br>Mme Anne Louise MEOT<br>Mme Bernadette MOSSET<br>Mme Marion MUNIE<\/td><td><strong>Accueil P\u00e9riscolaire<\/strong>&nbsp;:<br>Mme Marie-Dominique BARRAIS<br>Mme Audrey BENIGUEL<br>Mme Mathilde DE RIDDER<br>Mme Pascale DE RIDDER<br>Mme C\u00e9line GOULHAM<br>Mme Roselyne HALLIEN<br>Mme Christel LEROY<br>Mme Bernadette MENET<br>Mme Anne Louise MEOT<br>Mme Bernadette MOSSET<br>Mme Marion MUNIE<br><\/td><\/tr><\/tbody><\/table><\/figure>\n\n\n\n<figure class=\"wp-block-image size-large\"><img loading=\"lazy\" decoding=\"async\" width=\"800\" height=\"532\" src=\"https:\/\/recette.ecoleprimairesaintemarie.fr\/wp-content\/uploads\/2021\/04\/periscolaireHaut.jpg\" alt=\"\" class=\"wp-image-450\" srcset=\"https:\/\/recette.ecoleprimairesaintemarie.fr\/wp-content\/uploads\/2021\/04\/periscolaireHaut.jpg 800w, https:\/\/recette.ecoleprimairesaintemarie.fr\/wp-content\/uploads\/2021\/04\/periscolaireHaut-300x200.jpg 300w, https:\/\/recette.ecoleprimairesaintemarie.fr\/wp-content\/uploads\/2021\/04\/periscolaireHaut-768x511.jpg 768w\" sizes=\"auto, (max-width: 800px) 100vw, 800px\" \/><\/figure>\n","protected":false},"excerpt":{"rendered":"<p>Direction&nbsp;: &nbsp;&nbsp;M Yann MADEC Secr\u00e9tariat\/Comptabilit\u00e9&nbsp;:&nbsp;Mme Ga\u00eblle BUT\/ Mme Aur\u00e9lie BARITEAU LEBATARD, Mme M\u00e9ot Anne Louise Classes Maternelles Enseignants&nbsp;:Mme C\u00e9cile AURAYMme Sonia FERNANDEZMme Marie MAHEMme Anne-Laure RAMBAUDMme Anne VILAINEMr Cyrille LOUET<a class=\"more-link\" href=\"https:\/\/recette.ecoleprimairesaintemarie.fr\/index.php\/informations-pratiques\/orgnanigramme\/\">Lire la suite de <span class=\"screen-reader-text\">&#8220;Organigramme&#8221;<\/span><\/a><\/p>\n","protected":false},"author":1,"featured_media":0,"parent":165,"menu_order":0,"comment_status":"closed","ping_status":"closed","template":"","meta":{"footnotes":""},"class_list":["post-52","page","type-page","status-publish","hentry"],"_links":{"self":[{"href":"https:\/\/recette.ecoleprimairesaintemarie.fr\/index.php\/wp-json\/wp\/v2\/pages\/52","targetHints":{"allow":["GET"]}}],"collection":[{"href":"https:\/\/recette.ecoleprimairesaintemarie.fr\/index.php\/wp-json\/wp\/v2\/pages"}],"about":[{"href":"https:\/\/recette.ecoleprimairesaintemarie.fr\/index.php\/wp-json\/wp\/v2\/types\/page"}],"author":[{"embeddable":true,"href":"https:\/\/recette.ecoleprimairesaintemarie.fr\/index.php\/wp-json\/wp\/v2\/users\/1"}],"replies":[{"embeddable":true,"href":"https:\/\/recette.ecoleprimairesaintemarie.fr\/index.php\/wp-json\/wp\/v2\/comments?post=52"}],"version-history":[{"count":7,"href":"https:\/\/recette.ecoleprimairesaintemarie.fr\/index.php\/wp-json\/wp\/v2\/pages\/52\/revisions"}],"predecessor-version":[{"id":1310,"href":"https:\/\/recette.ecoleprimairesaintemarie.fr\/index.php\/wp-json\/wp\/v2\/pages\/52\/revisions\/1310"}],"up":[{"embeddable":true,"href":"https:\/\/recette.ecoleprimairesaintemarie.fr\/index.php\/wp-json\/wp\/v2\/pages\/165"}],"wp:attachment":[{"href":"https:\/\/recette.ecoleprimairesaintemarie.fr\/index.php\/wp-json\/wp\/v2\/media?parent=52"}],"curies":[{"name":"wp","href":"https:\/\/api.w.org\/{rel}","templated":true}]}}