{"id":46,"date":"2021-04-09T14:29:59","date_gmt":"2021-04-09T12:29:59","guid":{"rendered":"https:\/\/recette.ecoleprimairesaintemarie.fr\/?page_id=46"},"modified":"2021-10-26T09:21:30","modified_gmt":"2021-10-26T07:21:30","slug":"horaires","status":"publish","type":"page","link":"https:\/\/recette.ecoleprimairesaintemarie.fr\/index.php\/informations-pratiques\/horaires\/","title":{"rendered":"Horaires"},"content":{"rendered":"\n<h1 class=\"wp-block-heading\">Entr\u00e9es et sorties de classe<\/h1>\n\n\n\n<div class=\"wp-block-columns is-layout-flex wp-container-core-columns-is-layout-9d6595d7 wp-block-columns-is-layout-flex\">\n<div class=\"wp-block-column is-layout-flow wp-block-column-is-layout-flow\" style=\"flex-basis:100%\">\n<div class=\"wp-block-columns is-layout-flex wp-container-core-columns-is-layout-9d6595d7 wp-block-columns-is-layout-flex\">\n<div class=\"wp-block-column is-layout-flow wp-block-column-is-layout-flow\" style=\"flex-basis:100%\">\n<div class=\"wp-block-group\"><div class=\"wp-block-group__inner-container is-layout-flow wp-block-group-is-layout-flow\">\n<div class=\"wp-block-group\"><div class=\"wp-block-group__inner-container is-layout-flow wp-block-group-is-layout-flow\">\n<div class=\"wp-block-group\"><div class=\"wp-block-group__inner-container is-layout-flow wp-block-group-is-layout-flow\">\n<div class=\"wp-block-group\"><div class=\"wp-block-group__inner-container is-layout-flow wp-block-group-is-layout-flow\">\n<div class=\"wp-block-group\"><div class=\"wp-block-group__inner-container is-layout-flow wp-block-group-is-layout-flow\">\n<figure class=\"wp-block-table is-style-regular\"><table><tbody><tr><th>&nbsp;<\/th><th scope=\"row\">lundi &#8211; mardi &#8211; jeudi &#8211; vendredi<\/th><td class=\"has-text-align-center\" data-align=\"center\"><\/td><\/tr><tr><td>Maternelles<\/td><td>8h35 \u2013 12h05<\/td><td class=\"has-text-align-center\" data-align=\"center\">13h25 \u2013 16h10<\/td><\/tr><tr><td>El\u00e9mentaires (CP au CM2)<\/td><td>8h45 \u2013 12h15<\/td><td class=\"has-text-align-center\" data-align=\"center\">13h30 \u2013 16h15<\/td><\/tr><\/tbody><\/table><\/figure>\n<\/div><\/div>\n<\/div><\/div>\n<\/div><\/div>\n<\/div><\/div>\n<\/div><\/div>\n<\/div>\n<\/div>\n<\/div>\n<\/div>\n\n\n\n<p>L\u2019accueil en classe des enfants de maternelle est autoris\u00e9 de 8h25, jusqu\u2019\u00e0 8h35, heure de d\u00e9but des activit\u00e9s scolaires. <strong>Le portail de l\u2019\u00e9cole est ferm\u00e9 \u00e0 clef \u00e0 8h40.<\/strong><\/p>\n\n\n\n<p>Le non-respect des horaires de l\u2019accueil du matin nous obligera \u00e0 remettre en question le fonctionnement de celui-ci<\/p>\n\n\n\n<h1 class=\"wp-block-heading\">P\u00e9ri-scolaire<\/h1>\n\n\n\n<p>L\u2019accueil p\u00e9ri-scolaire assure son service&nbsp;le lundi, mardi, jeudi et vendredi.<\/p>\n\n\n\n<figure class=\"wp-block-table\"><table><tbody><tr><td><strong>lundi &#8211; mardi &#8211; jeudi &#8211; vendredi<\/strong><\/td><td><\/td><\/tr><tr><td>7h30 &#8211; 8h20 pour les \u00e9l\u00e8ves de l&#8217;\u00e9l\u00e9mentaire<br>7h30 &#8211; 8h20 pour les \u00e9l\u00e8ves de maternelle<\/td><td>16h20 &#8211; 18h45<\/td><\/tr><\/tbody><\/table><\/figure>\n\n\n\n<ul class=\"wp-block-list\"><li><strong>Les parents veilleront \u00e0 respecter les horaires de l\u2019accueil p\u00e9ri-scolaire<\/strong>.<\/li><li>L\u2019entr\u00e9e \u00e0 l\u2019Accueil p\u00e9riscolaire ne peut pas se faire apr\u00e8s 8h20 le matin.<\/li><li>Les enfants auront une attitude de respect vis-\u00e0-vis des adultes et des autres enfants<\/li><li>Un go\u00fbter sera servi aux enfants \u00e0 16h45<\/li><\/ul>\n","protected":false},"excerpt":{"rendered":"<p>Entr\u00e9es et sorties de classe &nbsp; lundi &#8211; mardi &#8211; jeudi &#8211; vendredi Maternelles 8h35 \u2013 12h05 13h25 \u2013 16h10 El\u00e9mentaires (CP au CM2) 8h45 \u2013 12h15 13h30 \u2013 16h15<a class=\"more-link\" href=\"https:\/\/recette.ecoleprimairesaintemarie.fr\/index.php\/informations-pratiques\/horaires\/\">Lire la suite de <span class=\"screen-reader-text\">&#8220;Horaires&#8221;<\/span><\/a><\/p>\n","protected":false},"author":2,"featured_media":0,"parent":165,"menu_order":0,"comment_status":"closed","ping_status":"closed","template":"","meta":{"footnotes":""},"class_list":["post-46","page","type-page","status-publish","hentry"],"_links":{"self":[{"href":"https:\/\/recette.ecoleprimairesaintemarie.fr\/index.php\/wp-json\/wp\/v2\/pages\/46","targetHints":{"allow":["GET"]}}],"collection":[{"href":"https:\/\/recette.ecoleprimairesaintemarie.fr\/index.php\/wp-json\/wp\/v2\/pages"}],"about":[{"href":"https:\/\/recette.ecoleprimairesaintemarie.fr\/index.php\/wp-json\/wp\/v2\/types\/page"}],"author":[{"embeddable":true,"href":"https:\/\/recette.ecoleprimairesaintemarie.fr\/index.php\/wp-json\/wp\/v2\/users\/2"}],"replies":[{"embeddable":true,"href":"https:\/\/recette.ecoleprimairesaintemarie.fr\/index.php\/wp-json\/wp\/v2\/comments?post=46"}],"version-history":[{"count":7,"href":"https:\/\/recette.ecoleprimairesaintemarie.fr\/index.php\/wp-json\/wp\/v2\/pages\/46\/revisions"}],"predecessor-version":[{"id":632,"href":"https:\/\/recette.ecoleprimairesaintemarie.fr\/index.php\/wp-json\/wp\/v2\/pages\/46\/revisions\/632"}],"up":[{"embeddable":true,"href":"https:\/\/recette.ecoleprimairesaintemarie.fr\/index.php\/wp-json\/wp\/v2\/pages\/165"}],"wp:attachment":[{"href":"https:\/\/recette.ecoleprimairesaintemarie.fr\/index.php\/wp-json\/wp\/v2\/media?parent=46"}],"curies":[{"name":"wp","href":"https:\/\/api.w.org\/{rel}","templated":true}]}}