{"id":35,"date":"2021-04-08T22:55:05","date_gmt":"2021-04-08T20:55:05","guid":{"rendered":"https:\/\/recette.ecoleprimairesaintemarie.fr\/?page_id=35"},"modified":"2021-04-15T15:53:33","modified_gmt":"2021-04-15T13:53:33","slug":"histoire-de-lecole","status":"publish","type":"page","link":"https:\/\/recette.ecoleprimairesaintemarie.fr\/index.php\/histoire-de-lecole\/","title":{"rendered":"Histoire de l&#8217;\u00e9cole"},"content":{"rendered":"\n<h1 class=\"wp-block-heading\">Ecole Sainte-Marie (l&#8217;\u00e9cole libre des filles)<\/h1>\n\n\n\n<p><strong>Fond\u00e9e en 1847<\/strong><\/p>\n\n\n\n<p>C&#8217;est l&#8217;actuelle \u00e9cole Maternelle, rue Amaury d&#8217;acign\u00e9<\/p>\n\n\n\n<p>C&#8217;est \u00e0 un geste genereux de Mr Emerand POITEVIN DE LA ROCHETTE qu&#8217;est due en grande partie la fondation de l&#8217;\u00e9cole libre des filles. Il disposait, au bourg, au lieu toujours occup\u00e9 par l&#8217;\u00e9cole, d&#8217;une maison toute meubl\u00e9e et d&#8217;un grand jardin.<\/p>\n\n\n\n<p>Au d\u00e9but de&nbsp;<strong>Mai 1847<\/strong>, il les mit \u00e0 la disposition des religieuses de l&#8217;Instruction Chr\u00e9tienne de Saint-Gildas-des-bois, pour qu&#8217;elles y \u00e9tablissent une \u00e9cole.<\/p>\n\n\n\n<p>L&#8217;\u00e9cole maternelle (l&#8217;asile \u2013 classe enfantine) et la salle de travail furent inaugur\u00e9s en<strong>&nbsp;Mars 1896<\/strong>.<\/p>\n\n\n\n<p><strong>Le 21 Juin 1961<\/strong>&nbsp;: signature du contrat de l&#8217;\u00e9cole Sainte-Marie avec l&#8217;\u00e9tat.<\/p>\n\n\n\n<p><strong>En<\/strong>&nbsp;<strong>1983<\/strong>, la Congr\u00e9gation de St Gildas laissa la direction de l&#8217;\u00e9cole \u00e0 des enseignants la\u00efques:&nbsp;<\/p>\n\n\n\n<figure class=\"wp-block-table\"><table><tbody><tr><td>1983-1986<\/td><td>M. Gilles Dugast<\/td><\/tr><tr><td>1986-1990<\/td><td>Mme Dominique Brangier<\/td><\/tr><tr><td>1990-2015<\/td><td>Mme Th\u00e9r\u00e8se Nicolas-Jourde<\/td><\/tr><tr><td>2015-<\/td><td>M. Guy Quersin<\/td><\/tr><\/tbody><\/table><\/figure>\n\n\n\n<p><strong>En<\/strong>&nbsp;<strong>1991 :<\/strong>&nbsp;cr\u00e9ation de l&#8217;accueil p\u00e9riscolaire.<\/p>\n\n\n\n<p><strong>1995 \u2013 1996<\/strong>&nbsp;: construction d&#8217;un nouveau bloc sanitaire et am\u00e9nagement de la cour de l&#8217;\u00e9cole.<\/p>\n\n\n\n<p><strong>2011-2012<\/strong>&nbsp;: construction de la nouvelle salle de restauration<\/p>\n\n\n\n<h1 class=\"wp-block-heading\">Notre Dame du Rosaire (l&#8217;\u00e9cole priv\u00e9e pour les gar\u00e7ons)<\/h1>\n\n\n\n<p><strong>Construite en 1876<\/strong><\/p>\n\n\n\n<p>C&#8217;est l&#8217;actuelle \u00e9cole Elementaire (26 rue du Temple)<\/p>\n\n\n\n<p>Les fr\u00e8res de Ploermel arrivent \u00e0 Saint Etienne de Montluc en&nbsp;<strong>1872<\/strong>&nbsp;et commencent \u00e0 faire la classe dans les d\u00e9pendances de la Cure (le Presbyt\u00e8re)<\/p>\n\n\n\n<p>En&nbsp;<strong>1875<\/strong>, le fr\u00e8re Colombel achete un terrain en contrebas du Sillon de Bretagne et y fait construire l&#8217;ecole avec l&#8217;aide financi\u00e8re de quelques paroissiens.<\/p>\n\n\n\n<p>Elle devient l&#8217;\u00e9cole priv\u00e9e de gar\u00e7ons.<\/p>\n\n\n\n<figure class=\"wp-block-image size-large\"><img loading=\"lazy\" decoding=\"async\" width=\"795\" height=\"504\" src=\"https:\/\/recette.ecoleprimairesaintemarie.fr\/wp-content\/uploads\/2021\/04\/historique1.jpg\" alt=\"\" class=\"wp-image-434\" srcset=\"https:\/\/recette.ecoleprimairesaintemarie.fr\/wp-content\/uploads\/2021\/04\/historique1.jpg 795w, https:\/\/recette.ecoleprimairesaintemarie.fr\/wp-content\/uploads\/2021\/04\/historique1-300x190.jpg 300w, https:\/\/recette.ecoleprimairesaintemarie.fr\/wp-content\/uploads\/2021\/04\/historique1-768x487.jpg 768w\" sizes=\"auto, (max-width: 795px) 100vw, 795px\" \/><\/figure>\n\n\n\n<figure class=\"wp-block-image size-large\"><img loading=\"lazy\" decoding=\"async\" width=\"795\" height=\"498\" src=\"https:\/\/recette.ecoleprimairesaintemarie.fr\/wp-content\/uploads\/2021\/04\/historique2.jpg\" alt=\"\" class=\"wp-image-436\" srcset=\"https:\/\/recette.ecoleprimairesaintemarie.fr\/wp-content\/uploads\/2021\/04\/historique2.jpg 795w, https:\/\/recette.ecoleprimairesaintemarie.fr\/wp-content\/uploads\/2021\/04\/historique2-300x188.jpg 300w, https:\/\/recette.ecoleprimairesaintemarie.fr\/wp-content\/uploads\/2021\/04\/historique2-768x481.jpg 768w\" sizes=\"auto, (max-width: 795px) 100vw, 795px\" \/><\/figure>\n\n\n\n<p>En&nbsp;<strong>1876<\/strong>, elle est inaugur\u00e9e \u00ab Ecole Notre-Dame du Rosaire \u00bb<\/p>\n\n\n\n<p>L&#8217;\u00e9cole se montre accueillante \u00e0 tous les enfants et \u00e0 tous les jeunes.<\/p>\n\n\n\n<p>Dans l&#8217;acte m\u00eame d&#8217;instruire, elle veut d\u00e9velopper chez les jeunes : comp\u00e9tences, discipline personnelle, respect du vrai, sens critique et ouverture d&#8217;esprit et enrichir les personnalit\u00e9s<\/p>\n\n\n\n<figure class=\"wp-block-image size-large\"><img loading=\"lazy\" decoding=\"async\" width=\"800\" height=\"600\" src=\"https:\/\/recette.ecoleprimairesaintemarie.fr\/wp-content\/uploads\/2021\/04\/historique3.jpg\" alt=\"\" class=\"wp-image-437\" srcset=\"https:\/\/recette.ecoleprimairesaintemarie.fr\/wp-content\/uploads\/2021\/04\/historique3.jpg 800w, https:\/\/recette.ecoleprimairesaintemarie.fr\/wp-content\/uploads\/2021\/04\/historique3-300x225.jpg 300w, https:\/\/recette.ecoleprimairesaintemarie.fr\/wp-content\/uploads\/2021\/04\/historique3-768x576.jpg 768w\" sizes=\"auto, (max-width: 800px) 100vw, 800px\" \/><\/figure>\n\n\n\n<p><strong>F\u00e9vrier 2004<\/strong>, la statue de Notre Dame du Rosaire est enlev\u00e9e de la toiture pour r\u00e9parer le toit. Elle est alors install\u00e9e sur un socle devant le p\u00e9ron du batiment principale.<\/p>\n\n\n\n<p>En&nbsp;<strong>1976<\/strong>, Les \u00e9coles deviennent mixtes \u00e0 St Etienne :<\/p>\n\n\n\n<p>Classes Maternelles, CP et CE1 \u00e0 l&#8217;Ecole rue &nbsp;Amaury d&#8217;Acign\u00e9<\/p>\n\n\n\n<p>CE2 , CM1 et CM2 \u00e0 l&#8217;\u00e9cole rue du Temple<\/p>\n\n\n\n<p>En&nbsp;<strong>2000<\/strong>, Les 2 \u00e9coles fusionnent, il n&#8217;y a plus qu&#8217;une seule direction &nbsp;assur\u00e9e par Mme Nicolas Jourde.<\/p>\n\n\n\n<p>Les 2 sites prennent le nom de \u00ab Ecole Sainte-Marie \u00bb avec les plus petits, de la section d&#8217;accueil au CE1, sont rest\u00e9s \u00e0 Sainte-Marie (en bas) et les plus grands, du CE2 au CM2, \u00e0 notre Dame du Rosaire (l&#8217;annexe)<\/p>\n\n\n\n<p>En&nbsp;<strong>2006<\/strong>, tous les \u00e9l\u00e8ves de l&#8217;\u00e9l\u00e9mentaire int\u00e8grent le site de l&#8217;annexe apr\u00e8s 1 an de travaux (r\u00e9novation des classes, nouvelles classes avec un escalier ext\u00e9rieur, nouveau r\u00e9fectoire, nouveau bloc sanitaire, installation du modulaire, &#8230;)<\/p>\n\n\n\n<p>L&#8217;Organisation devient donc : Ecole Ste Marie :<\/p>\n\n\n\n<ul class=\"wp-block-list\"><li>Classes Maternelles de la PS \u00e0 la GS<\/li><\/ul>\n\n\n\n<ul class=\"wp-block-list\"><li>Classes El\u00e9mentaires du CP au CM2<\/li><\/ul>\n\n\n\n<p>En&nbsp;<strong>2014<\/strong>, l&#8217;\u00e9cole cr\u00e9e son site internet.<\/p>\n\n\n\n<h1 class=\"wp-block-heading\">Quelques anecdotes !<\/h1>\n\n\n\n<p><strong>Vers 1920<\/strong><\/p>\n\n\n\n<p>Port de la blouse noire jusqu&#8217;en 1952 environ, sabots de bois, b\u00e9rets ou casquettes.<\/p>\n\n\n\n<p><strong>Vers 1930<\/strong><\/p>\n\n\n\n<p>Utilisation de chauffe-pieds : la braise \u00e9tait fournie par les boulangers. Le po\u00e8le \u00e0 bois puis \u00e0 charbon ont pris la rel\u00e8ve.<\/p>\n\n\n\n<p>La cantine : soit le repas complet est fourni par l&#8217;\u00e9cole, soit la soupe fourni par l&#8217;\u00e9cole et le panier apport\u00e9 par l&#8217;enfant, soit seulement le panier apport\u00e9 par l&#8217;enfant.<\/p>\n\n\n\n<p>Exposition des travaux manuels une fois par an (broderie, couture, tricot)<\/p>\n\n\n\n<p><strong>Dans les classes<\/strong><\/p>\n\n\n\n<p>La premi\u00e8re de la classe faisait tinter la clochette pour les r\u00e9cr\u00e9ations.<\/p>\n\n\n\n<p>Les \u00e9l\u00e8ves changeaient de place toutes les semaines en fonction de leurs r\u00e9sultats.<\/p>\n\n\n\n<p>Il n&#8217;y avait pas de cartables mais des sacs.<\/p>\n\n\n\n<p>Tous les \u00e9l\u00e8ves \u00e9taient r\u00e9unis sur les gradins pour les grandes occasions.<\/p>\n\n\n\n<p>Monsieur le Cur\u00e9, \u00e0 P\u00e2ques, distribuait des poussins pour les enfants de l&#8217;asile (classe enfantine) et des oeufs, de couleur rose ou bleu, pour les autres.<\/p>\n","protected":false},"excerpt":{"rendered":"<p>Ecole Sainte-Marie (l&#8217;\u00e9cole libre des filles) Fond\u00e9e en 1847 C&#8217;est l&#8217;actuelle \u00e9cole Maternelle, rue Amaury d&#8217;acign\u00e9 C&#8217;est \u00e0 un geste genereux de Mr Emerand POITEVIN DE LA ROCHETTE qu&#8217;est due<a class=\"more-link\" href=\"https:\/\/recette.ecoleprimairesaintemarie.fr\/index.php\/histoire-de-lecole\/\">Lire la suite de <span class=\"screen-reader-text\">&#8220;Histoire de l&#8217;\u00e9cole&#8221;<\/span><\/a><\/p>\n","protected":false},"author":1,"featured_media":0,"parent":0,"menu_order":0,"comment_status":"closed","ping_status":"closed","template":"","meta":{"footnotes":""},"class_list":["post-35","page","type-page","status-publish","hentry"],"_links":{"self":[{"href":"https:\/\/recette.ecoleprimairesaintemarie.fr\/index.php\/wp-json\/wp\/v2\/pages\/35","targetHints":{"allow":["GET"]}}],"collection":[{"href":"https:\/\/recette.ecoleprimairesaintemarie.fr\/index.php\/wp-json\/wp\/v2\/pages"}],"about":[{"href":"https:\/\/recette.ecoleprimairesaintemarie.fr\/index.php\/wp-json\/wp\/v2\/types\/page"}],"author":[{"embeddable":true,"href":"https:\/\/recette.ecoleprimairesaintemarie.fr\/index.php\/wp-json\/wp\/v2\/users\/1"}],"replies":[{"embeddable":true,"href":"https:\/\/recette.ecoleprimairesaintemarie.fr\/index.php\/wp-json\/wp\/v2\/comments?post=35"}],"version-history":[{"count":5,"href":"https:\/\/recette.ecoleprimairesaintemarie.fr\/index.php\/wp-json\/wp\/v2\/pages\/35\/revisions"}],"predecessor-version":[{"id":438,"href":"https:\/\/recette.ecoleprimairesaintemarie.fr\/index.php\/wp-json\/wp\/v2\/pages\/35\/revisions\/438"}],"wp:attachment":[{"href":"https:\/\/recette.ecoleprimairesaintemarie.fr\/index.php\/wp-json\/wp\/v2\/media?parent=35"}],"curies":[{"name":"wp","href":"https:\/\/api.w.org\/{rel}","templated":true}]}}