{"id":320,"date":"2021-04-14T13:57:35","date_gmt":"2021-04-14T11:57:35","guid":{"rendered":"https:\/\/recette.ecoleprimairesaintemarie.fr\/?page_id=320"},"modified":"2021-04-14T16:52:17","modified_gmt":"2021-04-14T14:52:17","slug":"c-l-e-du-sillon","status":"publish","type":"page","link":"https:\/\/recette.ecoleprimairesaintemarie.fr\/index.php\/associatons\/c-l-e-du-sillon\/","title":{"rendered":"C.L.E. Du Sillon"},"content":{"rendered":"\n<p>La Communaut\u00e9 Locale d\u2019Etablissements du Sillon est un r\u00e9seau compos\u00e9 de 11 \u00e9coles qui mat\u00e9rialise le lien fort que nous entretenons avec le coll\u00e8ge St Joseph de Savenay.<\/p>\n\n\n\n<p>Ces \u00e9tablissements travaillent main dans la main autour d\u2019un projet commun permettant de proposer une scolarisation de la maternelle jusqu\u2019\u00e0 la 3\u00e8me.<\/p>\n\n\n\n<p>Celle-ci se concr\u00e9tise par un projet \u00e9ducatif commun, le partage de nos exp\u00e9riences et savoirs-faire, la mutualisation de nos ressources et besoins, le d\u00e9veloppement d\u2019un parcours p\u00e9dagogique continu et harmonis\u00e9, l\u2019engagement sur des principes de confiance et de solidarit\u00e9.<\/p>\n\n\n\n<p>Vous pourrez acc\u00e9der \u00e0 ce projet <a href=\"https:\/\/stvictorcampbon.fr\/wp-content\/uploads\/2018\/04\/BAT-D%C3%89PLIANT-COLLEGE-SAINT-JOSEPH-3-VOLETS-6-PAGES-.pdf\" target=\"_blank\" rel=\"noreferrer noopener\">en cliquant sur ce lien<\/a>.<\/p>\n","protected":false},"excerpt":{"rendered":"<p>La Communaut\u00e9 Locale d\u2019Etablissements du Sillon est un r\u00e9seau compos\u00e9 de 11 \u00e9coles qui mat\u00e9rialise le lien fort que nous entretenons avec le coll\u00e8ge St Joseph de Savenay. Ces \u00e9tablissements<a class=\"more-link\" href=\"https:\/\/recette.ecoleprimairesaintemarie.fr\/index.php\/associatons\/c-l-e-du-sillon\/\">Lire la suite de <span class=\"screen-reader-text\">&#8220;C.L.E. Du Sillon&#8221;<\/span><\/a><\/p>\n","protected":false},"author":1,"featured_media":315,"parent":221,"menu_order":0,"comment_status":"closed","ping_status":"closed","template":"","meta":{"footnotes":""},"class_list":["post-320","page","type-page","status-publish","has-post-thumbnail","hentry"],"_links":{"self":[{"href":"https:\/\/recette.ecoleprimairesaintemarie.fr\/index.php\/wp-json\/wp\/v2\/pages\/320","targetHints":{"allow":["GET"]}}],"collection":[{"href":"https:\/\/recette.ecoleprimairesaintemarie.fr\/index.php\/wp-json\/wp\/v2\/pages"}],"about":[{"href":"https:\/\/recette.ecoleprimairesaintemarie.fr\/index.php\/wp-json\/wp\/v2\/types\/page"}],"author":[{"embeddable":true,"href":"https:\/\/recette.ecoleprimairesaintemarie.fr\/index.php\/wp-json\/wp\/v2\/users\/1"}],"replies":[{"embeddable":true,"href":"https:\/\/recette.ecoleprimairesaintemarie.fr\/index.php\/wp-json\/wp\/v2\/comments?post=320"}],"version-history":[{"count":4,"href":"https:\/\/recette.ecoleprimairesaintemarie.fr\/index.php\/wp-json\/wp\/v2\/pages\/320\/revisions"}],"predecessor-version":[{"id":326,"href":"https:\/\/recette.ecoleprimairesaintemarie.fr\/index.php\/wp-json\/wp\/v2\/pages\/320\/revisions\/326"}],"up":[{"embeddable":true,"href":"https:\/\/recette.ecoleprimairesaintemarie.fr\/index.php\/wp-json\/wp\/v2\/pages\/221"}],"wp:featuredmedia":[{"embeddable":true,"href":"https:\/\/recette.ecoleprimairesaintemarie.fr\/index.php\/wp-json\/wp\/v2\/media\/315"}],"wp:attachment":[{"href":"https:\/\/recette.ecoleprimairesaintemarie.fr\/index.php\/wp-json\/wp\/v2\/media?parent=320"}],"curies":[{"name":"wp","href":"https:\/\/api.w.org\/{rel}","templated":true}]}}