{"id":158,"date":"2015-01-26T23:24:00","date_gmt":"2015-01-26T21:24:00","guid":{"rendered":"https:\/\/recette.ecoleprimairesaintemarie.fr\/?page_id=158"},"modified":"2021-11-22T22:07:42","modified_gmt":"2021-11-22T21:07:42","slug":"apel","status":"publish","type":"page","link":"https:\/\/recette.ecoleprimairesaintemarie.fr\/index.php\/associatons\/apel\/","title":{"rendered":"APEL"},"content":{"rendered":"\n<div class=\"wp-block-media-text alignwide is-stacked-on-mobile\" style=\"grid-template-columns:15% auto\"><figure class=\"wp-block-media-text__media\"><img loading=\"lazy\" decoding=\"async\" width=\"49\" height=\"36\" src=\"https:\/\/recette.ecoleprimairesaintemarie.fr\/wp-content\/uploads\/2021\/11\/image-2.png\" alt=\"\" class=\"wp-image-665 size-full\"\/><\/figure><div class=\"wp-block-media-text__content\">\n<p class=\"has-medium-font-size\"><strong>L&#8217;APEL, ca sert \u00e0 quoi ?<\/strong><\/p>\n<\/div><\/div>\n\n\n\n<p>L\u2019Association des Parents d\u2019\u00e9l\u00e8ves de l\u2019Enseignement Libre (APEL)&nbsp;:<\/p>\n\n\n\n<ul class=\"wp-block-list\"><li>favorise l\u2019accueil des familles, et leur rencontre (caf\u00e9 de la rentr\u00e9e)<\/li><li>m\u00e8ne des actions pour <strong>animer<\/strong> la vie de l\u2019\u00e9cole (march\u00e9 de No\u00ebl)<\/li><li><strong>r\u00e9colte des fonds<\/strong> contribuant au financement des <strong>activit\u00e9s des enfants <\/strong>: sorties scolaires, mat\u00e9riel p\u00e9dagogique, cat\u00e9ch\u00e8se, projet de classe, \u2026<\/li><\/ul>\n\n\n\n<div class=\"wp-block-media-text alignwide is-stacked-on-mobile\" style=\"grid-template-columns:15% auto\"><figure class=\"wp-block-media-text__media\"><img loading=\"lazy\" decoding=\"async\" width=\"49\" height=\"36\" src=\"https:\/\/recette.ecoleprimairesaintemarie.fr\/wp-content\/uploads\/2021\/11\/image-2.png\" alt=\"\" class=\"wp-image-665 size-full\"\/><\/figure><div class=\"wp-block-media-text__content\">\n<p class=\"has-medium-font-size\"><strong><strong>L\u2019APEL repr\u00e9sente et informe les familles<\/strong><\/strong><\/p>\n<\/div><\/div>\n\n\n\n<p><strong>Repr\u00e9sente :<\/strong><\/p>\n\n\n\n<p>Aupr\u00e8s du Chef de l\u2019\u00e9tablissement, de l\u2019OGEC, de la mairie<\/p>\n\n\n\n<p>Aupr\u00e8s de l\u2019APEL d\u00e9partementale et nationale<\/p>\n\n\n\n<p><strong>Informe :<\/strong><strong><\/strong><\/p>\n\n\n\n<p>Au niveau local&nbsp;:<\/p>\n\n\n\n<ul class=\"wp-block-list\"><li>elle diffuse des informations sur le site internet de l\u2019\u00e9cole (<a href=\"http:\/\/recette.ecoleprimairesaintemarie.fr\"><em>recette.ecoleprimairesaintemarie.fr<\/em><\/a>),<\/li><li>elle est pr\u00e9sente tous les ans au forum des associations.<\/li><\/ul>\n\n\n\n<p>Au niveau national, l\u2019APEL vous propose&nbsp;:<\/p>\n\n\n\n<ul class=\"wp-block-list\"><li>un service d\u2019information et de conseil aux familles,<\/li><li>un site internet (<a href=\"http:\/\/www.apel.fr\"><em>www.apel.fr<\/em><\/a>),<\/li><li>une plateforme t\u00e9l\u00e9phonique nationale&nbsp;: Apel Service (<strong>01 46 90 09 60<\/strong>) qui met \u00e0 l\u2019\u00e9coute des familles une \u00e9quipe de sp\u00e9cialistes (psychologues, conseillers scolaires, \u00e9ducateurs sp\u00e9cialis\u00e9s),<\/li><li>un abonnement au magazine bimensuel Famille &amp; Education lorsque vous \u00eates adh\u00e9rent.<\/li><\/ul>\n\n\n\n<div class=\"wp-block-media-text alignwide is-stacked-on-mobile\" style=\"grid-template-columns:15% auto\"><figure class=\"wp-block-media-text__media\"><img loading=\"lazy\" decoding=\"async\" width=\"49\" height=\"36\" src=\"https:\/\/recette.ecoleprimairesaintemarie.fr\/wp-content\/uploads\/2021\/11\/image-2.png\" alt=\"\" class=\"wp-image-665 size-full\"\/><\/figure><div class=\"wp-block-media-text__content\">\n<p class=\"has-medium-font-size\"><strong><strong><strong>Pourquoi rejoindre l\u2019APEL&nbsp;?<\/strong><\/strong><\/strong><\/p>\n<\/div><\/div>\n\n\n\n<p>Parce que c\u2019est important pour <strong>les enfants<\/strong> et la vie de l\u2019\u00e9cole.<\/p>\n\n\n\n<p>Chacun peut apporter son aide, <strong>\u00e0 sa mani\u00e8re<\/strong> et en fonction de ses disponibilit\u00e9s.<\/p>\n\n\n\n<p class=\"has-text-align-center\"><strong>Tout le monde peut y trouver sa place<\/strong><\/p>\n\n\n\n<p class=\"has-text-align-center\"><strong>N\u2019h\u00e9sitez pas !<\/strong><\/p>\n\n\n\n<p class=\"has-text-align-center\"><a href=\"mailto:apel44360@gmail.com\"><strong>apel44360@gmail.com<\/strong><\/a><\/p>\n\n\n\n<p>Pour de plus amples informations, le site national APEL est accessible \u00e0 cette adresse: <a rel=\"noreferrer noopener\" href=\"https:\/\/departement44.sites.apel.fr\" target=\"_blank\">https:\/\/departement44.sites.apel.fr<\/a> <\/p>\n\n\n\n<div class=\"wp-block-media-text alignwide is-stacked-on-mobile\" style=\"grid-template-columns:15% auto\"><figure class=\"wp-block-media-text__media\"><img loading=\"lazy\" decoding=\"async\" width=\"49\" height=\"36\" src=\"https:\/\/recette.ecoleprimairesaintemarie.fr\/wp-content\/uploads\/2021\/11\/image-2.png\" alt=\"\" class=\"wp-image-665 size-full\"\/><\/figure><div class=\"wp-block-media-text__content\">\n<p class=\"has-medium-font-size\"><strong><strong><strong><strong>Conseil d\u2019Administration 2021-2022<\/strong><\/strong><\/strong><\/strong><\/p>\n<\/div><\/div>\n\n\n\n<figure class=\"wp-block-table\"><table><tbody><tr><td>FICHET M\u00e9lanie<\/td><td>co-pr\u00e9sidente<\/td><\/tr><tr><td>CERISIER Lucie<\/td><td>co-pr\u00e9sidente<\/td><\/tr><tr><td>ALLARD Anne-Sophie<\/td><td>tr\u00e9sori\u00e8re<\/td><\/tr><tr><td>BERNIER G\u00e9raldine<\/td><td>tr\u00e9sori\u00e8re adjointe<\/td><\/tr><tr><td>MESTRIC Marie Eve<\/td><td>secr\u00e9taire<\/td><\/tr><tr><td>LEBOEUF Soizic<\/td><td>secr\u00e9taire adjointe<\/td><\/tr><tr><td>FOUCAULT Delphine<\/td><td>membre<\/td><\/tr><tr><td>GARNIER G\u00e9raldine<\/td><td>membre<\/td><\/tr><tr><td>LEVEQUE Ghislaine<\/td><td>membre<\/td><\/tr><tr><td>ONILLON Gladys<\/td><td>membre<\/td><\/tr><tr><td>DOCEUL Delphine<\/td><td>membre<\/td><\/tr><tr><td>KERLOCH C\u00e9line<\/td><td>membre<\/td><\/tr><tr><td>BUSSON David<\/td><td>membre<\/td><\/tr><tr><td>PATEAU Elodie<\/td><td>membre<\/td><\/tr><tr><td>CONAN Emilie<\/td><td>membre<\/td><\/tr><tr><td>LENGLART Odete<\/td><td>membre<\/td><\/tr><\/tbody><\/table><\/figure>\n","protected":false},"excerpt":{"rendered":"<p>L&#8217;APEL, ca sert \u00e0 quoi ? L\u2019Association des Parents d\u2019\u00e9l\u00e8ves de l\u2019Enseignement Libre (APEL)&nbsp;: favorise l\u2019accueil des familles, et leur rencontre (caf\u00e9 de la rentr\u00e9e) m\u00e8ne des actions pour animer<a class=\"more-link\" href=\"https:\/\/recette.ecoleprimairesaintemarie.fr\/index.php\/associatons\/apel\/\">Lire la suite de <span class=\"screen-reader-text\">&#8220;APEL&#8221;<\/span><\/a><\/p>\n","protected":false},"author":1,"featured_media":0,"parent":221,"menu_order":0,"comment_status":"closed","ping_status":"closed","template":"","meta":{"footnotes":""},"class_list":["post-158","page","type-page","status-publish","hentry"],"_links":{"self":[{"href":"https:\/\/recette.ecoleprimairesaintemarie.fr\/index.php\/wp-json\/wp\/v2\/pages\/158","targetHints":{"allow":["GET"]}}],"collection":[{"href":"https:\/\/recette.ecoleprimairesaintemarie.fr\/index.php\/wp-json\/wp\/v2\/pages"}],"about":[{"href":"https:\/\/recette.ecoleprimairesaintemarie.fr\/index.php\/wp-json\/wp\/v2\/types\/page"}],"author":[{"embeddable":true,"href":"https:\/\/recette.ecoleprimairesaintemarie.fr\/index.php\/wp-json\/wp\/v2\/users\/1"}],"replies":[{"embeddable":true,"href":"https:\/\/recette.ecoleprimairesaintemarie.fr\/index.php\/wp-json\/wp\/v2\/comments?post=158"}],"version-history":[{"count":6,"href":"https:\/\/recette.ecoleprimairesaintemarie.fr\/index.php\/wp-json\/wp\/v2\/pages\/158\/revisions"}],"predecessor-version":[{"id":670,"href":"https:\/\/recette.ecoleprimairesaintemarie.fr\/index.php\/wp-json\/wp\/v2\/pages\/158\/revisions\/670"}],"up":[{"embeddable":true,"href":"https:\/\/recette.ecoleprimairesaintemarie.fr\/index.php\/wp-json\/wp\/v2\/pages\/221"}],"wp:attachment":[{"href":"https:\/\/recette.ecoleprimairesaintemarie.fr\/index.php\/wp-json\/wp\/v2\/media?parent=158"}],"curies":[{"name":"wp","href":"https:\/\/api.w.org\/{rel}","templated":true}]}}