{"id":152,"date":"2017-12-28T23:17:00","date_gmt":"2017-12-28T21:17:00","guid":{"rendered":"https:\/\/recette.ecoleprimairesaintemarie.fr\/?page_id=152"},"modified":"2024-02-03T13:13:04","modified_gmt":"2024-02-03T12:13:04","slug":"quest-ce-quun-ogec","status":"publish","type":"page","link":"https:\/\/recette.ecoleprimairesaintemarie.fr\/index.php\/associatons\/quest-ce-quun-ogec\/","title":{"rendered":"OGEC"},"content":{"rendered":"\n<h3 class=\"wp-block-heading\">D\u00e9finition<\/h3>\n\n\n\n<p>L&#8217;OGEC, Organisme de Gestion de l&#8217;enseignement Catholique, est une association loi de 1901 voulue par l&#8217;enseignement catholique pour \u00eatre au service de l&#8217;\u00e9tablissement d&#8217;enseignement en lui donnant une existence juridique et la personnalit\u00e9 morale.<\/p>\n\n\n\n<h3 class=\"wp-block-heading\">Les missions de l&#8217;OGEC<\/h3>\n\n\n\n<p>La gestion financi\u00e8re et comptable de l&#8217;\u00e9tablissement.<\/p>\n\n\n\n<p>L&#8217;entretien du patrimoine immobilier et mobilier.<\/p>\n\n\n\n<p>La fonction d&#8217;employeur des personnels non enseignants (asem, restauration, p\u00e9riscolaire, comptable, entretien, direction.).<\/p>\n\n\n\n<h3 class=\"wp-block-heading\">Les membres OGEC<\/h3>\n\n\n\n<p>L&#8217;ogec est compos\u00e9 de membres b\u00e9n\u00e9voles et \u00e9lus, qui apportent leur exp\u00e9rience personnelle ou professionnelle pour veiller au bon fonctionnement financier et mat\u00e9riel de l&#8217;\u00e9tablissement dans le respect des orientations de l&#8217;enseignement catholique.<\/p>\n\n\n\n<p>Le conseil d&#8217;administration se r\u00e9unit tous les deux mois. Etant membres de droit, la pr\u00e9sidence de&nbsp;l&#8217;APEL et la direction de l&#8217;\u00e9tablissement sont pr\u00e9sentes \u00e0 ces r\u00e9unions.<\/p>\n\n\n\n<p>Les membres du bureau se r\u00e9unissent une fois entre chaque r\u00e9union du conseil d&#8217;administration.<\/p>\n\n\n\n<figure class=\"wp-block-table\"><table><tbody><tr><th><strong>Composition du conseil d&#8217;administration<\/strong><\/th><\/tr><tr><td>LEBRETON Patrick<\/td><td>Pr\u00e9sident<\/td><\/tr><tr><td>POULAIN Bertrand<\/td><td>Vice pr\u00e9sident<\/td><\/tr><tr><td>TOMASI Richard<\/td><td>Tr\u00e9sorier<\/td><\/tr><tr><td>COHEN R\u00e9gis<\/td><td>Tr\u00e9sorier adjoint<\/td><\/tr><tr><td>MABIT Charlotte<\/td><td>Secr\u00e9taire<\/td><\/tr><tr><td>JANVIER J\u00e9r\u00f4me<\/td><td>Secr\u00e9taire adjoint<\/td><\/tr><tr><td>JOFFROY-VOILLET&nbsp;Fr\u00e9d\u00e9rique<\/td><td>Membre<\/td><\/tr><tr><td>LELOCAT Jean-Guillaume<\/td><td>Membre<\/td><\/tr><tr><td>ORY Vincent<\/td><td>Membre<\/td><\/tr><tr><td>TRELLU Corentin<\/td><td>Membre<\/td><\/tr><tr><td>BOISARD Fran\u00e7ois<\/td><td>Membre<\/td><\/tr><\/tbody><\/table><\/figure>\n\n\n\n<figure class=\"wp-block-table\"><table><tbody><tr><th><strong>Membres de droit<\/strong><\/th><\/tr><tr><td>QUERSIN Guy<\/td><td>Directeur<\/td><\/tr><tr><td>Mme Marie-Eve MARTIN<br>Mme C\u00e9line KERLOC<\/td><td>Co-Pr\u00e9sidence APEL<\/td><\/tr><\/tbody><\/table><\/figure>\n","protected":false},"excerpt":{"rendered":"<p>D\u00e9finition L&#8217;OGEC, Organisme de Gestion de l&#8217;enseignement Catholique, est une association loi de 1901 voulue par l&#8217;enseignement catholique pour \u00eatre au service de l&#8217;\u00e9tablissement d&#8217;enseignement en lui donnant une existence<a class=\"more-link\" href=\"https:\/\/recette.ecoleprimairesaintemarie.fr\/index.php\/associatons\/quest-ce-quun-ogec\/\">Lire la suite de <span class=\"screen-reader-text\">&#8220;OGEC&#8221;<\/span><\/a><\/p>\n","protected":false},"author":1,"featured_media":0,"parent":221,"menu_order":0,"comment_status":"closed","ping_status":"closed","template":"","meta":{"footnotes":""},"class_list":["post-152","page","type-page","status-publish","hentry"],"_links":{"self":[{"href":"https:\/\/recette.ecoleprimairesaintemarie.fr\/index.php\/wp-json\/wp\/v2\/pages\/152","targetHints":{"allow":["GET"]}}],"collection":[{"href":"https:\/\/recette.ecoleprimairesaintemarie.fr\/index.php\/wp-json\/wp\/v2\/pages"}],"about":[{"href":"https:\/\/recette.ecoleprimairesaintemarie.fr\/index.php\/wp-json\/wp\/v2\/types\/page"}],"author":[{"embeddable":true,"href":"https:\/\/recette.ecoleprimairesaintemarie.fr\/index.php\/wp-json\/wp\/v2\/users\/1"}],"replies":[{"embeddable":true,"href":"https:\/\/recette.ecoleprimairesaintemarie.fr\/index.php\/wp-json\/wp\/v2\/comments?post=152"}],"version-history":[{"count":8,"href":"https:\/\/recette.ecoleprimairesaintemarie.fr\/index.php\/wp-json\/wp\/v2\/pages\/152\/revisions"}],"predecessor-version":[{"id":1212,"href":"https:\/\/recette.ecoleprimairesaintemarie.fr\/index.php\/wp-json\/wp\/v2\/pages\/152\/revisions\/1212"}],"up":[{"embeddable":true,"href":"https:\/\/recette.ecoleprimairesaintemarie.fr\/index.php\/wp-json\/wp\/v2\/pages\/221"}],"wp:attachment":[{"href":"https:\/\/recette.ecoleprimairesaintemarie.fr\/index.php\/wp-json\/wp\/v2\/media?parent=152"}],"curies":[{"name":"wp","href":"https:\/\/api.w.org\/{rel}","templated":true}]}}